{"id":293,"date":"2022-04-29T07:20:41","date_gmt":"2022-04-29T07:20:41","guid":{"rendered":"https:\/\/kaprixo.com\/?page_id=293"},"modified":"2022-04-29T07:50:56","modified_gmt":"2022-04-29T07:50:56","slug":"politica-de-privacidad-y-cookies","status":"publish","type":"page","link":"https:\/\/kaprixo.com\/en\/politica-de-privacidad-y-cookies\/","title":{"rendered":"Privacy and Cookies Policy"},"content":{"rendered":"<div class=\"wpb-content-wrapper\"><div class=\"vc_row wpb_row vc_row-fluid\"><div class=\"wpb_column vc_column_container vc_col-sm-12\"><div class=\"vc_column-inner\"><div class=\"wpb_wrapper\">\n\t<div class=\"wpb_text_column wpb_content_element\" >\n\t\t<div class=\"wpb_wrapper\">\n\t\t\t<article class=\"post-entry post-entry-type-page post-entry-368\">\n<div class=\"entry-content-wrapper clearfix\">\n<header class=\"entry-content-header\"><\/header>\n<div class=\"entry-content\">\n<p><strong>USER INFORMATION<\/strong><\/p>\n<p>Kaprixo, as Data Controller, informs you that, in accordance with Regulation (EU) 2016\/679 of 27 April 2016 on the protection of personal data (GDPR), we will process your data as reflected in this Privacy Policy.<\/p>\n<p>In this Privacy Policy we describe how and why we collect your personal data, what we do with it, who we share it with, how we protect it, and your choices regarding the processing of your personal data.<\/p>\n<p>This Policy applies to the processing of your personal data collected by the company for the provision of its services. By accepting the terms of this Policy, you consent to the processing of your personal data as defined herein.<\/p>\n<p><strong>CONTACT<\/strong><\/p>\n<p>Trade name: Pizza Pio Pio, SL.<br \/>\nCIF: <span class=\"markedContent\"><span dir=\"ltr\" role=\"presentation\">B16911414<\/span><\/span><br \/>\nRegistered office: Laure\u00e0 Miro 353 08950 Esplugues (Bcn)<br \/>\nTelephone: 936 275 201 \u2013 602 399 824<br \/>\ne-mail: reserves@kaprixo.com<\/p>\n<p><strong>KEY PRINCIPLES<\/strong><br \/>\nWe have always been committed to providing our services with the highest level of quality, which includes treating your data securely and transparently. Our principles are:<\/p>\n<ul>\n<li><strong>Legality<\/strong>We will only collect your Personal Data for specific, explicit, and legitimate purposes.<\/li>\n<\/ul>\n<ul>\n<li><strong>Data minimization<\/strong>We limit the collection of personal data to what is strictly relevant and necessary for the purposes for which it has been collected.<\/li>\n<\/ul>\n<ul>\n<li><strong>Purpose Limitation<\/strong>We will only collect your personal data for the stated purposes and only according to your wishes.<\/li>\n<\/ul>\n<ul>\n<li><strong>Precision<\/strong>We will keep your personal data accurate and up to date.<\/li>\n<\/ul>\n<ul>\n<li><strong>Data Security<\/strong>We apply appropriate and proportionate technical and organizational measures to ensure that your data is not harmed, such as unauthorized disclosure or access, accidental or unlawful destruction or accidental loss or alteration, and any other form of unlawful processing.<\/li>\n<\/ul>\n<ul>\n<li><strong>Access and Rectification<\/strong>We have the means for you to access or correct your data whenever you deem it appropriate.<\/li>\n<\/ul>\n<ul>\n<li><strong>Conservation<\/strong>We retain your personal data lawfully and appropriately and only for as long as necessary for the purposes for which it was collected.<\/li>\n<\/ul>\n<ul>\n<li><strong>International transfers<\/strong>: when your data is to be transferred outside the EU\/EEA it will be adequately protected.<\/li>\n<\/ul>\n<ul>\n<li><strong>Third parties<\/strong>Access to and transfer of personal data to third parties is carried out in accordance with applicable laws and regulations and with appropriate contractual safeguards.<\/li>\n<\/ul>\n<ul>\n<li><strong>Direct Marketing and Cookies<\/strong>We comply with applicable legislation regarding advertising and cookies.<\/li>\n<\/ul>\n<p><strong>COLLECTION AND PROCESSING OF YOUR PERSONAL DATA<\/strong><br \/>\nThe types of data that are requested and processed are:<\/p>\n<ul>\n<li>Identifying information, personal characteristics and social circumstances.<\/li>\n<li>Economic data, if applicable.<\/li>\n<\/ul>\n<p>We also automatically collect data about your visit to our website as described in the \u201cUse of cookies\u201d section below.<\/p>\n<p>Whenever we request your personal data, we will clearly inform you what personal data we collect and for what purpose. In general, we collect and process your personal data for the purpose of:<\/p>\n<ul>\n<li>To provide information about our products and services.<\/li>\n<li>To provide our services.<\/li>\n<li>Respond to your inquiries and requests.<\/li>\n<\/ul>\n<p><strong>LEGITIMACY<\/strong><\/p>\n<p>In accordance with applicable data protection regulations, your personal data may be processed if:<\/p>\n<ul>\n<li>You have given us your consent for the processing of your data. Of course, you can withdraw your consent at any time.<\/li>\n<\/ul>\n<ul>\n<li>It is necessary for the provision of some of our services through a contractual relationship between you and us.<\/li>\n<\/ul>\n<ul>\n<li>With this processing, we pursue a legitimate interest that is not overridden by your privacy rights. This legitimate interest will be duly communicated to you in the privacy notice related to that particular processing.<\/li>\n<li>It is required by law<\/li>\n<\/ul>\n<p><strong>YOUR RIGHTS<\/strong><\/p>\n<p>Regarding the collection and processing of your personal data, you can contact us at any time to:<\/p>\n<ul>\n<li>To find out if we process your personal data.<\/li>\n<li>Access your personal data and any other information indicated in Article 15.1 of the GDPR.<\/li>\n<li>Rectify your personal data that is inaccurate or incomplete in accordance with Article 16 of the GDPR.<\/li>\n<li>Delete your personal data in accordance with Article 17 of the GDPR.<\/li>\n<li>Limit the processing of your personal data in accordance with Article 18 of the GDPR.<\/li>\n<li>Request the portability of your data in accordance with Article 20 of the GDPR.<\/li>\n<li>Object to the processing of your personal data in accordance with Article 21 of the GDPR.<\/li>\n<\/ul>\n<p>If you have given your consent for a specific purpose, you have the right to withdraw that consent at any time, without affecting the lawfulness of the processing based on consent before its withdrawal. To exercise your rights, you can send us a communication to reserves@kaprixo.com<\/p>\n<p><strong>LEGAL INFORMATION<\/strong><br \/>\nThe requirements of this Policy supplement, and do not replace, any other requirements under applicable data protection law, which shall prevail in any event.<\/p>\n<p>This Policy is subject to periodic review, and the company may modify it at any time. When this occurs, we will notify you of any changes and ask you to review the most recent version of our Policy and confirm your acceptance.<\/p>\n<p align=\"justify\"><strong>2. Cookies Policy<\/strong><\/p>\n<p align=\"justify\">In compliance with the provisions of article 22.2 LSSI, the Website will only use data storage and retrieval devices (&#039;Cookies&#039;) when the user has given their consent for this, in accordance with what is indicated in the pop-up window of the user&#039;s browser when they first access the Website and in the other terms and conditions below that every user should know.<\/p>\n<p align=\"justify\">Our Cookie Policy aims to help you understand our use of cookies, the purposes of the cookies used, and the possible options available to you to manage them. The published policy is subject to periodic updates.<\/p>\n<p align=\"justify\">Users can access this information at any time through the &quot;Privacy and Cookie Policy&quot; link on the website. Users can modify their cookie acceptance preferences through their browser options. You can find more information in the &quot;Modify cookie settings&quot; section.<\/p>\n<p align=\"justify\"><strong>What options do I have?<\/strong><\/p>\n<p align=\"justify\">The following actions can be performed:<\/p>\n<p align=\"justify\">Accept cookies: The notice will not be displayed again when accessing any page of the Store.<\/p>\n<p align=\"justify\">Do nothing: The warning will always appear when accessing any page on the website. By continuing to browse, we consider that you accept the use of cookies.<\/p>\n<p align=\"justify\">Modify cookie settings: You can delete cookies from the website and modify your browsing settings. However, this will not prevent the cookie notice from being displayed when you access the website again.<\/p>\n<p align=\"justify\"><strong>What is a cookie?<\/strong><\/p>\n<p align=\"justify\">A &quot;cookie&quot; is a small text file that a website stores in a user&#039;s browser. Cookies facilitate website use and navigation and are essential for the proper functioning of the internet, providing countless advantages in the provision of interactive services.<\/p>\n<p align=\"justify\">For example, they are used to manage the user&#039;s session (reducing the number of times the password must be entered), or to adapt the website content to the user&#039;s preferences, among other facilities.<\/p>\n<p style=\"text-align: left;\" align=\"justify\">More information at <a href=\"http:\/\/es.wikipedia.org\/wiki\/Cookie_{b688fd674e56a7e4a59fd699c73010b271ae924ffc95a1ee8f73a6a48d51dada}28inform{b688fd674e56a7e4a59fd699c73010b271ae924ffc95a1ee8f73a6a48d51dada}C3{b688fd674e56a7e4a59fd699c73010b271ae924ffc95a1ee8f73a6a48d51dada}A1tica{b688fd674e56a7e4a59fd699c73010b271ae924ffc95a1ee8f73a6a48d51dada}29\"><u>http:\/\/es.wikipedia.org\/wiki\/Cookie_{b688fd674e56a7e4a59fd699c73010b271ae924ffc95a1ee8f73a6a48d51dada}28inform{b688fd674e56a7e4a59fd699c73010b271ae924ffc95a1ee8f73a6a48d51dada}C3{b688fd674e56a7e4a59fd699c73010b271ae924ffc95a1ee8f73a6a48d51dada}A1tica{b688fd674e56a7e4a59fd699c73010b271ae924ffc95a1ee8f73a6a48d51dada}29<\/u><\/a><\/p>\n<p style=\"text-align: left;\" align=\"justify\">In the <a href=\"http:\/\/www.agpd.es\/portalwebAGPD\/canaldocumentacion\/publicaciones\/common\/Guias\/Guia_Cookies.pdf\"><u>Guide on the use of cookies from the Data Protection Agency<\/u> <\/a>The different types of cookies are detailed.<\/p>\n<p align=\"justify\"><strong>What types of cookies do we use?<\/strong><\/p>\n<p align=\"justify\"><strong>1.-<\/strong><br \/>\nDepending on who manages them:<\/p>\n<p align=\"justify\">First-party cookies: These are cookies sent to your browser from our computers or web domains, providing the requested service.<\/p>\n<p align=\"justify\">Third-party cookies: These are cookies sent to your browser from a computer or web domain that we do not manage, but rather a partner entity such as Google Analytics.<\/p>\n<p align=\"justify\"><strong>2.-<\/strong><br \/>\nDepending on the time they are active:<\/p>\n<p align=\"justify\">Session cookies: These remain in your browser&#039;s cookie file until you leave the website, so none remain on your device.<\/p>\n<p align=\"justify\">Persistent cookies: These cookies remain on your device and are read by our website every time you visit again. These cookies expire after a specific date.<\/p>\n<p align=\"justify\"><strong>3.-<\/strong><br \/>\nDepending on its purpose:<\/p>\n<p align=\"justify\">Technical cookies: These improve navigation and ensure the proper functioning of our website. Personalization cookies: These allow you to access the service with predefined characteristics based on a set of criteria. These cookies are used, for example, to select the website&#039;s language.<\/p>\n<p align=\"justify\">Analytical cookies: These cookies allow us to measure and statistically analyze the use of the service provided. They are used, for example, to track who visits the website.<\/p>\n<p align=\"justify\">Cookies we use:<\/p>\n<p>&nbsp;<\/p>\n<table style=\"height: 649px;\" width=\"941\" cellspacing=\"0\" cellpadding=\"2\">\n<colgroup>\n<col width=\"217\" \/>\n<col width=\"110\" \/>\n<col width=\"302\" \/> <\/colgroup>\n<tbody>\n<tr valign=\"top\">\n<td width=\"217\">\n<p align=\"justify\"><strong>Name<\/strong><\/p>\n<\/td>\n<td width=\"110\">\n<p align=\"justify\"><strong>Expiration<\/strong><\/p>\n<\/td>\n<td width=\"302\">\n<p align=\"justify\"><strong>Purpose<\/strong><\/p>\n<\/td>\n<\/tr>\n<tr valign=\"top\">\n<td width=\"217\">\n<p align=\"justify\">uvc<\/p>\n<\/td>\n<td width=\"110\">\n<p align=\"justify\">1 day.<\/p>\n<\/td>\n<td rowspan=\"5\" width=\"302\">\n<p align=\"justify\">Share website content on social media via AddToAny and perform website analytics with Google Analytics.<br \/>\nCookies collect information about user activity, not personal identification. Information about the origin of<br \/>\nVisits, keywords, browser used, etc. _ga is used to distinguish users.<\/p>\n<\/td>\n<\/tr>\n<tr valign=\"top\">\n<td width=\"217\">\n<p align=\"justify\">__utma<\/p>\n<\/td>\n<td width=\"110\">\n<p align=\"justify\">2 years.<\/p>\n<\/td>\n<\/tr>\n<tr valign=\"top\">\n<td width=\"217\">\n<p align=\"justify\">__utmb<\/p>\n<\/td>\n<td width=\"110\">\n<p align=\"justify\">30 minutes.<\/p>\n<\/td>\n<\/tr>\n<tr valign=\"top\">\n<td width=\"217\">\n<p align=\"justify\">__utmc<\/p>\n<\/td>\n<td width=\"110\">\n<p align=\"justify\">Session<\/p>\n<\/td>\n<\/tr>\n<tr valign=\"top\">\n<td width=\"217\">__utmz_ga<\/p>\n<p>_gat<\/td>\n<td width=\"110\">\n<p align=\"justify\">6 months.<\/p>\n<p>2 years<\/p>\n<p>10 minutes<\/td>\n<\/tr>\n<tr valign=\"top\">\n<td width=\"217\">\n<p align=\"justify\">ipinfo<\/p>\n<\/td>\n<td width=\"110\">\n<p align=\"justify\">6 months.<\/p>\n<\/td>\n<td rowspan=\"3\" width=\"302\">\n<p align=\"justify\">Advertising analytics with Media6degrees.<\/p>\n<p align=\"justify\">Cookies collect information about users when they use the social media button to share website content.<\/p>\n<\/td>\n<\/tr>\n<tr valign=\"top\">\n<td width=\"217\">\n<p align=\"justify\">clid<\/p>\n<\/td>\n<td width=\"110\">\n<p align=\"justify\">6 months.<\/p>\n<\/td>\n<\/tr>\n<tr valign=\"top\">\n<td width=\"217\">\n<p align=\"justify\">acs<\/p>\n<\/td>\n<td width=\"110\">\n<p align=\"justify\">6 months.<\/p>\n<\/td>\n<\/tr>\n<\/tbody>\n<\/table>\n<p>&nbsp;<\/p>\n<p align=\"justify\">Third party service providers in our domain:<\/p>\n<p align=\"justify\">AddToAny is a service provided by addtoany.com and static.addtoany.com that allows users to easily share website information on social media. Learn more at <a href=\"http:\/\/www.addtoany.com\/privacy\">http:\/\/www.addtoany.com\/privacy<\/a><\/p>\n<p align=\"justify\">Google Analytics is a web analytics software application from Google Inc. The cookies used collect anonymous data about user browsing activity on the website in order to understand the origin of visits, the number of times the website has been visited, the keywords used, and other statistical data. Learn more at <a href=\"http:\/\/www.google.com\/analytics\/\">http:\/\/www.google.com\/analytics\/<\/a><\/p>\n<p align=\"justify\">Media6degrees is a company that provides online advertising analytics through social media. It collects information about user activity on the web for advertising purposes. Learn more at <a href=\"http:\/\/media6degrees.com\/privacy.php\">http:\/\/media6degrees.com\/privacy.php<\/a><\/p>\n<p align=\"justify\"><strong>Modify cookie settings.<\/strong><\/p>\n<p align=\"justify\">You can restrict, block, or delete web cookies by configuring your browser preferences. You can also activate the private browsing option, which prevents your browser from storing your browsing history, passwords, cookies, and other information from the pages you visit.<\/p>\n<p>Cookie settings vary from browser to browser; the &quot;Help&quot; function will show you how to do it, however, we have provided the links below.<br \/>\nDirect reports from the main browsers on the topic:<\/p>\n<p><a href=\"http:\/\/windows.microsoft.com\/es-xl\/internet-explorer\/delete-manage-cookies#ie=ie-10\"><u>Internet Explorer<\/u><\/a><br \/>\n(links)<\/p>\n<p><a href=\"https:\/\/support.mozilla.org\/es\/kb\/Borrar{b688fd674e56a7e4a59fd699c73010b271ae924ffc95a1ee8f73a6a48d51dada}20cookies\"><u>Firefox<\/u><\/a><\/p>\n<p><a href=\"https:\/\/support.google.com\/chrome\/answer\/95647?hl=es\"><u>Chrome<\/u><\/a><\/p>\n<p><a href=\"https:\/\/support.apple.com\/es-es\/HT201265\"><u>Safari<\/u><\/a><\/p>\n<p align=\"justify\">Finally, please note that blocking cookies may affect all or some functionality of the website.<\/p>\n<\/div>\n<\/div>\n<\/article>\n\n\t\t<\/div>\n\t<\/div>\n<div class=\"boc_spacing\" style=\"height: 40px\"><\/div><\/div><\/div><\/div><\/div>\n<\/div>","protected":false},"excerpt":{"rendered":"INFORMACI\u00d3N AL USUARIO Kaprixo, como Responsable del Tratamiento le informa que, seg\u00fan lo dispuesto en el Reglamento (UE) 2016\/679, de 27 de abril de 2016, de protecci\u00f3n de datos personales (RGPD), trataremos su datos tal y como reflejamos en la presente Pol\u00edtica de Privacidad. En esta Pol\u00edtica de Privacidad describimos c\u00f3mo recogemos sus datos personales y por qu\u00e9 los recogemos,<div class=\"h10\"><\/div><a class=\"more-link1\" href=\"https:\/\/kaprixo.com\/en\/politica-de-privacidad-y-cookies\/\">Read more<\/a>","protected":false},"author":1,"featured_media":0,"parent":0,"menu_order":0,"comment_status":"closed","ping_status":"closed","template":"","meta":{"footnotes":""},"class_list":["post-293","page","type-page","status-publish","hentry"],"_links":{"self":[{"href":"https:\/\/kaprixo.com\/en\/wp-json\/wp\/v2\/pages\/293","targetHints":{"allow":["GET"]}}],"collection":[{"href":"https:\/\/kaprixo.com\/en\/wp-json\/wp\/v2\/pages"}],"about":[{"href":"https:\/\/kaprixo.com\/en\/wp-json\/wp\/v2\/types\/page"}],"author":[{"embeddable":true,"href":"https:\/\/kaprixo.com\/en\/wp-json\/wp\/v2\/users\/1"}],"replies":[{"embeddable":true,"href":"https:\/\/kaprixo.com\/en\/wp-json\/wp\/v2\/comments?post=293"}],"version-history":[{"count":5,"href":"https:\/\/kaprixo.com\/en\/wp-json\/wp\/v2\/pages\/293\/revisions"}],"predecessor-version":[{"id":309,"href":"https:\/\/kaprixo.com\/en\/wp-json\/wp\/v2\/pages\/293\/revisions\/309"}],"wp:attachment":[{"href":"https:\/\/kaprixo.com\/en\/wp-json\/wp\/v2\/media?parent=293"}],"curies":[{"name":"wp","href":"https:\/\/api.w.org\/{rel}","templated":true}]}}