{"id":299,"date":"2022-04-29T07:29:21","date_gmt":"2022-04-29T07:29:21","guid":{"rendered":"https:\/\/kaprixo.com\/?page_id=299"},"modified":"2022-04-29T07:29:21","modified_gmt":"2022-04-29T07:29:21","slug":"mapa-del-sitio","status":"publish","type":"page","link":"https:\/\/kaprixo.com\/ca\/mapa-del-sitio\/","title":{"rendered":"Mapa del lloc"},"content":{"rendered":"<div class=\"wsp-container\"><h2 class=\"wsp-pages-title\">P\u00e0gines<\/h2>\n<ul class=\"wsp-pages-list\">\n<li class=\"page_item page-item-296\"><a href=\"https:\/\/kaprixo.com\/ca\/aviso-legal\/\">Av\u00eds legal<\/a><\/li>\n<li class=\"page_item page-item-108\"><a href=\"https:\/\/kaprixo.com\/ca\/cocteleria\/\">Cocteleria<\/a><\/li>\n<li class=\"page_item page-item-112\"><a href=\"https:\/\/kaprixo.com\/ca\/contacto\/\">Contacte<\/a><\/li>\n<li class=\"page_item page-item-110\"><a href=\"https:\/\/kaprixo.com\/ca\/eventos\/\">Esdeveniments<\/a><\/li>\n<li class=\"page_item page-item-10\"><a href=\"https:\/\/kaprixo.com\/ca\/\">Inici<\/a><\/li>\n<li class=\"page_item page-item-299\"><a href=\"https:\/\/kaprixo.com\/ca\/mapa-del-sitio\/\">Mapa del lloc<\/a><\/li>\n<li class=\"page_item page-item-293\"><a href=\"https:\/\/kaprixo.com\/ca\/politica-de-privacidad-y-cookies\/\">Pol\u00edtica de privadesa i cookies<\/a><\/li>\n<li class=\"page_item page-item-2759\"><a href=\"https:\/\/kaprixo.com\/ca\/prueba\/\">Prova<\/a><\/li>\n<li class=\"page_item page-item-114\"><a href=\"https:\/\/kaprixo.com\/ca\/reservas\/\">Reserves<\/a><\/li>\n<li class=\"page_item page-item-106\"><a href=\"https:\/\/kaprixo.com\/ca\/restaurante\/\">Restaurant<\/a><\/li>\n<\/ul>\n<\/div>","protected":false},"excerpt":{"rendered":"P\u00e0gines Aviso legal Cocteler\u00eda Contacto Eventos Inicio Mapa del sitio Pol\u00edtica de privacidad y cookies Prueba Reservas Restaurante","protected":false},"author":1,"featured_media":0,"parent":0,"menu_order":0,"comment_status":"closed","ping_status":"closed","template":"","meta":{"footnotes":""},"class_list":["post-299","page","type-page","status-publish","hentry"],"_links":{"self":[{"href":"https:\/\/kaprixo.com\/ca\/wp-json\/wp\/v2\/pages\/299","targetHints":{"allow":["GET"]}}],"collection":[{"href":"https:\/\/kaprixo.com\/ca\/wp-json\/wp\/v2\/pages"}],"about":[{"href":"https:\/\/kaprixo.com\/ca\/wp-json\/wp\/v2\/types\/page"}],"author":[{"embeddable":true,"href":"https:\/\/kaprixo.com\/ca\/wp-json\/wp\/v2\/users\/1"}],"replies":[{"embeddable":true,"href":"https:\/\/kaprixo.com\/ca\/wp-json\/wp\/v2\/comments?post=299"}],"version-history":[{"count":1,"href":"https:\/\/kaprixo.com\/ca\/wp-json\/wp\/v2\/pages\/299\/revisions"}],"predecessor-version":[{"id":300,"href":"https:\/\/kaprixo.com\/ca\/wp-json\/wp\/v2\/pages\/299\/revisions\/300"}],"wp:attachment":[{"href":"https:\/\/kaprixo.com\/ca\/wp-json\/wp\/v2\/media?parent=299"}],"curies":[{"name":"wp","href":"https:\/\/api.w.org\/{rel}","templated":true}]}}