{"id":296,"date":"2022-04-29T07:23:47","date_gmt":"2022-04-29T07:23:47","guid":{"rendered":"https:\/\/kaprixo.com\/?page_id=296"},"modified":"2022-04-29T07:47:32","modified_gmt":"2022-04-29T07:47:32","slug":"aviso-legal","status":"publish","type":"page","link":"https:\/\/kaprixo.com\/ca\/aviso-legal\/","title":{"rendered":"Av\u00eds legal"},"content":{"rendered":"<div class=\"wpb-content-wrapper\"><div class=\"vc_row wpb_row vc_row-fluid\"><div class=\"wpb_column vc_column_container vc_col-sm-12\"><div class=\"vc_column-inner\"><div class=\"wpb_wrapper\">\n\t<div class=\"wpb_text_column wpb_content_element\" >\n\t\t<div class=\"wpb_wrapper\">\n\t\t\t<p><strong>LLEI DELS SERVEIS DE LA SOCIETAT DE LA INFORMACI\u00d3 (LSSI)<\/strong><\/p>\n<p>Kaprixo, responsable del lloc web, d&#039;ara endavant RESPONSABLE, posa a disposici\u00f3 dels usuaris aquest document, amb el qual pret\u00e9n donar compliment a les obligacions disposades a la Llei 34\/2002, d&#039;11 de juliol, de Serveis de la Societat de la Informaci\u00f3 i de Comer\u00e7 Electr\u00f2nic (LSSICE), aix\u00ed com informar a tots els usuaris del lloc web respecte a quines s\u00f3n.<\/p>\n<p>Tota persona que accedeixi a aquest lloc web assumeix el paper d&#039;usuari, comprometent-se a l&#039;observan\u00e7a i el compliment rigor\u00f3s de les disposicions aqu\u00ed disposades, aix\u00ed com a qualsevol altra disposici\u00f3 legal que sigui aplicable.<\/p>\n<ol>\n<li><strong>DADES IDENTIFICATIVES<\/strong><\/li>\n<\/ol>\n<p>Nom comercial: Pizza Pio Pio, SL.<br \/>\nCIF:<span class=\"markedContent\"><span dir=\"ltr\" role=\"presentation\"> B16911414<\/span><\/span><br \/>\nDomicili social: Laure\u00e0 Miro 353 08950 Esplugues (Bcn)<br \/>\nTel\u00e8fon: 936 275 201 \u2013 602 399 824<br \/>\ne-mail: reserves@kaprixo.com<\/p>\n<ol>\n<li><strong>OBJECTE<\/strong><br \/>\nA trav\u00e9s del Lloc Web, us oferim als Usuaris la possibilitat d&#039;accedir a la informaci\u00f3 sobre els nostres serveis.<\/li>\n<li><strong>PRIVACITAT I TRACTAMENT DE DADES<\/strong><br \/>\nQuan per a l&#039;acc\u00e9s a determinats continguts o servei sigui necessari facilitar dades de car\u00e0cter personal, els Usuaris garantiran la seva veracitat, exactitud, autenticitat i vig\u00e8ncia. L&#039;empresa donar\u00e0 a aquestes dades el tractament automatitzat que correspongui en funci\u00f3 de la seva naturalesa o finalitat, en els termes indicats a la secci\u00f3 de Pol\u00edtica de Privadesa.<\/li>\n<li><strong>PROPIETAT INDUSTRIAL I INTEL\u00b7LECTUAL<\/strong><br \/>\nL&#039;Usuari reconeix i accepta que tots els continguts que es mostren a l&#039;Espai Web i en especial, dissenys, textos, imatges, logos, icones, botons, programari, noms comercials, marques, o qualssevol altres signes susceptibles d&#039;utilitzaci\u00f3 industrial i\/o comercial estan subjectes a drets de Propietat Intel\u00b7lectual i totes les marques, noms comercials o signes distintius, qualssevol altres elements inserits a la p\u00e0gina, que s\u00f3n propietat exclusiva de l&#039;empresa i\/o de tercers, els qui tenen el dret exclusiu d&#039;utilitzar-los en el tr\u00e0nsit econ\u00f2mic. Per tot aix\u00f2, l&#039;Usuari es compromet a no reproduir, copiar, distribuir, posar a disposici\u00f3 o de qualsevol altra manera comunicar p\u00fablicament, transformar o modificar aquests continguts mantenint indemne l&#039;empresa de qualsevol reclamaci\u00f3 que es derivi de l&#039;incompliment d&#039;aquestes obligacions. En cap cas l&#039;acc\u00e9s a l&#039;Espai Web implica cap tipus de ren\u00fancia, transmissi\u00f3, llic\u00e8ncia o cessi\u00f3 total ni parcial dels drets esmentats, llevat que s&#039;estableixi expressament el contrari. Aquestes Condicions Generals d&#039;\u00das de l&#039;Espai Web no confereixen als Usuaris cap altre dret d&#039;utilitzaci\u00f3, alteraci\u00f3, explotaci\u00f3, reproducci\u00f3, distribuci\u00f3 o comunicaci\u00f3 p\u00fablica de l&#039;Espai Web i\/o dels seus continguts diferents dels aqu\u00ed previstos expressament. Qualsevol altre \u00fas o explotaci\u00f3 de qualssevol drets estar\u00e0 subjecte a la pr\u00e8via i expressa autoritzaci\u00f3 espec\u00edficament atorgada a aquest efecte per l&#039;empresa o el tercer titular dels drets afectats. de propietat intel\u00b7lectual. L&#039;empresa \u00e9s titular dels elements que integren el disseny gr\u00e0fic de l&#039;Espai Web, els men\u00fas, els botons de navegaci\u00f3, el codi HTML, els textos, imatges, textures, gr\u00e0fics i qualsevol altre contingut de l&#039;Espai Web o, en qualsevol cas, disposa de la corresponent autoritzaci\u00f3 per a la utilitzaci\u00f3 d&#039;aquests elements. El contingut disposat a l&#039;Espai Web no podr\u00e0 ser reprodu\u00eft ni en tot ni en part, ni transm\u00e8s, ni registrat per cap sistema de recuperaci\u00f3 d&#039;informaci\u00f3, en cap forma ni en cap mitj\u00e0, llevat que es compti amb l&#039;autoritzaci\u00f3 pr\u00e8via, per escrit, de l&#039;Entitat esmentada. Aix\u00ed mateix queda prohibit suprimir, eludir i\/o manipular el \u201ccopyright\u201d aix\u00ed com els dispositius t\u00e8cnics continguts. L&#039;Usuari d&#039;aquest Espai Web es compromet a respectar els drets enunciats ia evitar qualsevol actuaci\u00f3 que els pugui perjudicar, reservant-se en tot cas l&#039;empresa l&#039;exercici de tots els mitjans o accions legals que li corresponguin en defensa dels seus drets leg\u00edtims de propietat intel\u00b7lectual i industrial.<\/li>\n<li><strong>OBLIGACIONS I RESPONSABILITATS DE L&#039;USUARI DE L&#039;ESPAI WEB<\/strong><br \/>\nL&#039;Usuari es compromet a:<\/li>\n<\/ol>\n<ol>\n<li>Fer un \u00fas adequat i l\u00edcit de l&#039;Espai Web aix\u00ed com dels continguts i serveis, de conformitat amb: (i) la legislaci\u00f3 aplicable a cada moment; (ii) les Condicions Generals d&#039;\u00das de l&#039;Espai Web; (iii) la moral i els bons costums generalment acceptats i (iv) l&#039;ordre p\u00fablic.<\/li>\n<li>Proveir-se de tots els mitjans i requeriments t\u00e8cnics que calguin per accedir a l&#039;Espai Web.<\/li>\n<li>Facilitar informaci\u00f3 vera\u00e7 en emplenar amb les vostres dades de car\u00e0cter personal els formularis continguts a l&#039;Espai Web ia mantenir-los actualitzats en tot moment de manera que respongui, en cada moment, a la situaci\u00f3 real de l&#039;Usuari. L&#039;Usuari ser\u00e0 l&#039;\u00fanic responsable de les manifestacions falses o inexactes que faci i dels perjudicis que causi a l&#039;empresa oa tercers per la informaci\u00f3 que faciliti.<\/li>\n<\/ol>\n<p>No obstant el que estableix l&#039;apartat anterior, l&#039;Usuari tamb\u00e9 s&#039;ha d&#039;abstenir de:<\/p>\n<ol>\n<li>Fer un \u00fas no autoritzat o fraudulent de l&#039;Espai Web i\/o dels continguts amb finalitats o efectes il\u00b7l\u00edcits, prohibits en les presents Condicions Generals d&#039;\u00das, lesius dels drets i interessos de tercers, o que de qualsevol manera puguin danyar, inutilitzar, sobrecarregar, deteriorar o impedir la utilitzaci\u00f3 normal dels serveis o els documents, arxius i tota classe.<\/li>\n<li>Accedir o intentar accedir a recursos o \u00e0rees restringides de l&#039;Espai Web, sense complir les condicions exigides per a aquest acc\u00e9s.<\/li>\n<li>Provocar danys als sistemes f\u00edsics o l\u00f2gics de l&#039;Espai Web, dels seus prove\u00efdors o de tercers.<\/li>\n<li>Introduir o difondre a la xarxa virus inform\u00e0tics o qualssevol altres sistemes f\u00edsics o l\u00f2gics que siguin susceptibles de provocar danys als sistemes f\u00edsics o l\u00f2gics de l&#039;empresa, prove\u00efdors o de tercers.<\/li>\n<li>Intentar accedir, utilitzar i\/o manipular les dades de lempresa, tercers prove\u00efdors i altres Usuaris.<\/li>\n<li>Reproduir o copiar, distribuir, permetre l&#039;acc\u00e9s del p\u00fablic a trav\u00e9s de qualsevol modalitat de comunicaci\u00f3 p\u00fablica, transformar o modificar els continguts, llevat que es compti amb l&#039;autoritzaci\u00f3 del titular dels drets corresponents o sigui legalment perm\u00e8s.<\/li>\n<li>Suprimir, ocultar o manipular les notes sobre drets de propietat intel\u00b7lectual o industrial i altres dades identificatives dels drets de l&#039;empresa o de tercers incorporats als continguts, aix\u00ed com els dispositius t\u00e8cnics de protecci\u00f3 o qualsevol mecanisme d&#039;informaci\u00f3 que es pugui inserir en els continguts.<\/li>\n<li>Obtenir i intentar obtenir els continguts utilitzant mitjans o procediments diferents dels que, segons els casos, s&#039;hagin posat a la seva disposici\u00f3 a aquest efecte o s&#039;hagin indicat expressament a les p\u00e0gines web on es trobin els continguts o, en general, dels que es facin servir habitualment a Internet per no comportar un risc de dany o inutilitzaci\u00f3 de l&#039;Espai web i\/o dels continguts.<\/li>\n<li>En particular, ia t\u00edtol merament indicatiu i no exhaustiu, l&#039;Usuari es compromet a no transmetre, difondre o posar a disposici\u00f3 de tercers informacions, dades, continguts, missatges, gr\u00e0fics, dibuixos, arxius de so i\/o imatge, fotografies, enregistraments, programari i, en general, qualsevol classe de material que: \u2022 De qualsevol manera sigui contrari, menyspre\u00ef o atent Tractats internacionals i en la resta de la legislaci\u00f3 vigent. \u2022 Indueixi, inciti o promogui actuacions delictives, denigrat\u00f2ries, difamat\u00f2ries, violentes o, en general, contr\u00e0ries a la llei, a la moral, als bons costums generalment acceptats oa l&#039;ordre p\u00fablic. \u2022 Indueixi, inciti o promogui actuacions, actituds, pensaments edat o condici\u00f3. \u2022 Incorporeu, poseu a disposici\u00f3 o permeteu accedir a productes, elements, missatges i\/o serveis delictius, violents, ofensius, nocius, degradants o, en general, contraris a la llei, a la moral i als bons costums generalment acceptats oa l&#039;ordre p\u00fablic. Indueixi o pugui induir a un estat inacceptable d&#039;ansietat o temor. \u2022 Indueixi o inciti a involucrar-se en pr\u00e0ctiques perilloses, de risc o nocives per a la salut i l&#039;equilibri ps\u00edquic. \u2022 Es troba protegit per la legislaci\u00f3 en mat\u00e8ria de protecci\u00f3 intel\u00b7lectual o industrial pertanyent a l&#039;honor. intimitat personal i familiar oa la pr\u00f2pia imatge de les persones. \u2022 Constitu\u00efu qualsevol tipus de publicitat. \u2022 Incloeu qualsevol tipus de virus o programa que impedeixi el funcionament normal de l&#039;Espai Web.<\/li>\n<\/ol>\n<p>Si per accedir a alguns dels serveis i\/o continguts de l&#039;Espai Web, se us proporcion\u00e9s una contrasenya, s&#039;obliga a fer-la servir de manera diligent, mantenint-la en tot moment en secret. En conseq\u00fc\u00e8ncia, ser\u00e0 responsable de la seva adequada cust\u00f2dia i confidencialitat, i es comprometr\u00e0 a no cedir-la a tercers, de manera temporal o permanent, ni a permetre l&#039;acc\u00e9s als serveis i\/o continguts esmentats per part de persones alienes. Igualment, s&#039;obliga a notificar a la societat qualsevol fet que pugui suposar un \u00fas indegut de la contrasenya, com, a t\u00edtol enunciatiu, el robatori, la p\u00e8rdua o l&#039;acc\u00e9s no autoritzat, a fi de procedir a cancel\u00b7lar-la immediatament. En conseq\u00fc\u00e8ncia, mentre no efectu\u00ef la notificaci\u00f3 anterior, l&#039;empresa quedar\u00e0 eximida de qualsevol responsabilitat que pogu\u00e9s derivar-se de l&#039;\u00fas indegut de la contrasenya, sent de la seva responsabilitat qualsevol utilitzaci\u00f3 il\u00b7l\u00edcita dels continguts i\/o serveis de l&#039;Espai Web per qualsevol tercer il\u00b7leg\u00edtim. Si de manera negligent o dolosa incompl\u00eds qualsevol de les obligacions establertes en aquestes Condicions Generals d&#039;\u00das, respondr\u00e0 per tots els danys i perjudicis que es puguin derivar d&#039;aquest incompliment per a l&#039;empresa.<\/p>\n<ol start=\"6\">\n<li><strong> RESPONSABILITATS<\/strong><br \/>\nNo es garanteix l&#039;acc\u00e9s continuat, ni la correcta visualitzaci\u00f3, desc\u00e0rrega o utilitat dels elements i informacions contingudes a la web que es puguin veure impedits, dificultats o interromputs per factors o circumst\u00e0ncies que estan fora del seu control.<\/li>\n<\/ol>\n<p>Es podr\u00e0 interrompre el servei, o resoldre de manera immediata la relaci\u00f3 amb l&#039;Usuari, si es detecta que un \u00fas del seu Espai Web, o de qualsevol dels serveis que s&#039;hi ofereixen, \u00e9s contrari a les presents Condicions Generals d&#039;\u00das.<\/p>\n<p>\u00danicament ser\u00e0 responsable d&#039;eliminar, com m\u00e9s aviat millor, els continguts que puguin generar aquests perjudicis, sempre que aix\u00ed es notifiqui. En especial no serem responsables dels perjudicis que se&#039;n poguessin derivar, entre d&#039;altres, de:<\/p>\n<ol>\n<li>interfer\u00e8ncies, interrupcions, fallades, omissions, avaries telef\u00f2niques, retards, bloquejos o desconnexions en el funcionament del sistema electr\u00f2nic, motivades per defici\u00e8ncies, sobrec\u00e0rregues i errors a les l\u00ednies i xarxes de telecomunicacions, o per qualsevol altra causa aliena al control de l&#039;empresa.<\/li>\n<li>intromissions il\u00b7leg\u00edtimes mitjan\u00e7ant l&#039;\u00fas de programes malignes de qualsevol tipus ia trav\u00e9s de qualsevol mitj\u00e0 de comunicaci\u00f3, com ara virus inform\u00e0tics o qualssevol altres.<\/li>\n<li>ab\u00fas indegut o inadequat de l&#039;Espai Web.<\/li>\n<li>errors de seguretat o navegaci\u00f3 produ\u00efts per un mal funcionament del navegador o per l\u00fas de versions no actualitzades del mateix. Els administradors de la societat es reserven el dret de retirar, totalment o parcialment, qualsevol contingut o informaci\u00f3 present a l&#039;Espai Web.<\/li>\n<\/ol>\n<p>L&#039;empresa exclou qualsevol responsabilitat pels danys i perjudicis de tota naturalesa que es puguin deure a la mala utilitzaci\u00f3 dels serveis de lliure disposici\u00f3 i \u00fas per part dels usuaris d&#039;espai web. Aix\u00ed mateix, queda exonerat de qualsevol responsabilitat pel contingut i les informacions que puguin ser rebudes com a conseq\u00fc\u00e8ncia dels formularis de recollida de dades, i aquests estan \u00fanicament per a la prestaci\u00f3 dels serveis de consultes i dubtes. D&#039;altra banda, en cas de causar danys i perjudicis per un \u00fas il\u00b7l\u00edcit o incorrecte dels serveis esmentats, podr\u00e0 ser l&#039;Usuari reclamat pels danys o perjudicis causats.<\/p>\n<p>Aix\u00ed mateix, vost\u00e8 s&#039;obliga a indemnitzar davant de qualsevol dany i perjudici, que es derivin de l&#039;\u00fas per la seva banda de robots, spiders, crawlers o eines similars emprades per tal de demanar o extreure dades o de qualsevol altra actuaci\u00f3 per part seva que imposi una c\u00e0rrega irraonable sobre el funcionament de l&#039;Espai Web.<\/p>\n<ol start=\"7\">\n<li><strong> HIPERVINCLES<\/strong><br \/>\nL&#039;Usuari s&#039;obliga a no reproduir de cap manera, ni tan sols mitjan\u00e7ant un hiperenlla\u00e7 o hipervincle, l&#039;Espai Web, aix\u00ed com cap dels seus continguts, llevat d&#039;autoritzaci\u00f3 expressa i per escrit del responsable del fitxer.<\/li>\n<\/ol>\n<p>L&#039;Espai Web pot incloure enlla\u00e7os a altres espais web, gestionats per tercers, per facilitar l&#039;acc\u00e9s de l&#039;Usuari a la informaci\u00f3 d&#039;empreses col\u00b7laboradores i\/o patrocinadores. D&#039;acord amb aix\u00f2, la societat no es responsabilitza del contingut dels Espais web esmentats, ni se situa en una posici\u00f3 de garant ni\/o de part ofertant dels serveis i\/o informaci\u00f3 que es puguin oferir a tercers a trav\u00e9s dels enlla\u00e7os de tercers.<\/p>\n<p>Es concedeix a l&#039;Usuari un dret limitat, revocable i no exclusiu a crear enlla\u00e7os a la p\u00e0gina principal de l&#039;Espai Web exclusivament per a \u00fas privat i no comercial. Els Espais web que incloguin enlla\u00e7 al nostre Espai Web (i) no podran falsejar la seva relaci\u00f3 ni afirmar que s&#039;ha autoritzat aquest enlla\u00e7, ni incloure marques, denominacions, noms comercials, logotips o altres signes distintius de la nostra societat; (ii) no poden incloure continguts que es puguin considerar de mal gust, obscens, ofensius, controvertits, que incitin a la viol\u00e8ncia o la discriminaci\u00f3 per ra\u00f3 de sexe, ra\u00e7a o religi\u00f3, contraris a l&#039;ordre p\u00fablic o il\u00b7l\u00edcits; (iii) no podran enlla\u00e7ar a cap p\u00e0gina de l&#039;Espai Web diferent de la p\u00e0gina principal; (iv) haur\u00e0 d&#039;enlla\u00e7ar amb la pr\u00f2pia adre\u00e7a de l&#039;Espai Web, sense permetre que l&#039;Espai web que realitzi l&#039;enlla\u00e7 reprodueixi l&#039;Espai Web com a part de la seva web o dins d&#039;un dels seus \u201cframes\u201d o crear un \u201cbrowser\u201d sobre qualsevol de les p\u00e0gines de l&#039;Espai Web. L&#039;empresa podr\u00e0 sol\u00b7licitar, en qualsevol moment, que elimini qualsevol enlla\u00e7 a l&#039;Espai Web, despr\u00e9s d&#039;aix\u00f2 haur\u00e0 de procedir immediatament a la seva eliminaci\u00f3.<\/p>\n<p>L&#039;empresa no pot controlar la informaci\u00f3, continguts, productes o serveis facilitats per altres espais web que tinguin establerts enlla\u00e7os amb destinaci\u00f3 a l&#039;espai web.<\/p>\n<ol start=\"8\">\n<li><strong> PROTECCI\u00d3 DE DADES<\/strong><br \/>\nPer utilitzar alguns dels serveis, l&#039;usuari ha de proporcionar pr\u00e8viament certes dades de car\u00e0cter personal. L&#039;empresa tractar\u00e0 automatitzadament aquestes dades i aplicar\u00e0 les mesures de seguretat corresponents, tot aix\u00f2 en compliment del RGPD. L&#039;Usuari pot accedir a la pol\u00edtica seguida en el tractament de les dades personals aix\u00ed com l&#039;establiment de les finalitats pr\u00e8viament establertes, al que disposen les condicions definides a la Pol\u00edtica de Privadesa.<\/li>\n<li><strong> COOKIES<\/strong><br \/>\nL&#039;empresa es reserva el dret d&#039;utilitzar la tecnologia \u201ccookie\u201d a l&#039;Espai Web, per tal de recon\u00e8ixer-ho com a Usuari freq\u00fcent i personalitzar l&#039;\u00fas que realitzi de l&#039;Espai Web mitjan\u00e7ant la preselecci\u00f3 del vostre idioma, o continguts m\u00e9s desitjats o espec\u00edfics.<\/li>\n<\/ol>\n<p>Les galetes recopilen l&#039;adre\u00e7a IP de l&#039;usuari i \u00e9s Google el responsable del tractament d&#039;aquesta informaci\u00f3.<\/p>\n<p>Les cookies s\u00f3n fitxers enviats a un navegador, per mitj\u00e0 d&#039;un servidor web, per registrar la navegaci\u00f3 de l&#039;usuari a l&#039;espai web, quan l&#039;usuari en permeti la recepci\u00f3. Si ho desitgeu podeu configurar el vostre navegador per a ser avisat en pantalla de la recepci\u00f3 de cookies i per impedir la instal\u00b7laci\u00f3 de cookies al vostre disc dur. Si us plau consulteu les instruccions i manuals del vostre navegador per ampliar aquesta informaci\u00f3.<\/p>\n<p>Gr\u00e0cies a les cookies, \u00e9s possible que es pugui recon\u00e8ixer el navegador de l&#039;ordinador utilitzat per l&#039;Usuari amb la finalitat de facilitar continguts i oferir les prefer\u00e8ncies de navegaci\u00f3 o publicit\u00e0ries que l&#039;Usuari, als perfils demogr\u00e0fics dels Usuaris aix\u00ed com per mesurar les visites i par\u00e0metres del tr\u00e0nsit, controlar el progr\u00e9s i el nombre d&#039;entrades.<\/p>\n<ol start=\"10\">\n<li><strong> DECLARACIONS I GARANTIES<\/strong><br \/>\nEn general, els continguts i serveis oferts a l&#039;Espai Web tenen car\u00e0cter merament informatiu. Per tant, en oferir-los, no s&#039;atorga cap garantia ni cap declaraci\u00f3 en relaci\u00f3 amb els continguts i serveis oferts a l&#039;espai web, incloent-hi, a t\u00edtol enunciatiu, garanties de licitud, fiabilitat, utilitat, veracitat, exactitud, o comerciabilitat, llevat de la mesura que per llei no es puguin excloure aquestes declaracions i garanties.<\/li>\n<li><strong> FOR\u00c7A MAJOR<\/strong><br \/>\nL&#039;empresa no ser\u00e0 responsable en tot cas d&#039;impossibilitat de prestar servei, si aquesta \u00e9s deguda a interrupcions prolongades del subministrament el\u00e8ctric, l\u00ednies de telecomunicacions, conflictes socials, vagues, rebel\u00b7li\u00f3, explosions, inundacions, actes i omissions del Govern, i en general tots els sup\u00f2sits de for\u00e7a major o de cas fortu\u00eft.<\/li>\n<li><strong> RESOLUCI\u00d3 DE CONTROV\u00c8RSIES. LLEI APLICABLE I JURISDICCI\u00d3<\/strong><br \/>\nAquestes Condicions Generals d&#039;\u00das, aix\u00ed com l&#039;\u00fas de l&#039;Espai Web, es regeixen per la legislaci\u00f3 espanyola.<\/li>\n<\/ol>\n<p>En cas que qualsevol estipulaci\u00f3 de les presents Condicions Generals d&#039;\u00das result\u00e9s inexigible o nul\u00b7la en virtut de la legislaci\u00f3 aplicable o com a conseq\u00fc\u00e8ncia d&#039;una resoluci\u00f3 judicial o administrativa, aquesta inexigibilitat o nul\u00b7litat no far\u00e0 que aquestes Condicions Generals d&#039;\u00das resultin inexigibles o nul\u00b7les en conjunt. En aquests casos, l&#039;empresa procedir\u00e0 a la modificaci\u00f3 o substituci\u00f3 d&#039;aquesta estipulaci\u00f3 per una altra que sigui v\u00e0lida i exigible i que, en la mesura del possible, aconsegueixi l&#039;objectiu i la pretensi\u00f3 reflectits en l&#039;estipulaci\u00f3 original<\/p>\n\n\t\t<\/div>\n\t<\/div>\n<div class=\"boc_spacing\" style=\"height: 40px\"><\/div><\/div><\/div><\/div><\/div>\n<\/div>","protected":false},"excerpt":{"rendered":"LEY DE LOS SERVICIOS DE LA SOCIEDAD DE LA INFORMACI\u00d3N (LSSI) Kaprixo, responsable del sitio web, en adelante RESPONSABLE, pone a disposici\u00f3n de los usuarios el presente documento, con el que pretende dar cumplimiento a las obligaciones dispuestas en la Ley 34\/2002, de 11 de julio, de Servicios de la Sociedad de la Informaci\u00f3n y de Comercio Electr\u00f3nico (LSSICE), as\u00ed<div class=\"h10\"><\/div><a class=\"more-link1\" href=\"https:\/\/kaprixo.com\/ca\/aviso-legal\/\">Read more<\/a>","protected":false},"author":1,"featured_media":0,"parent":0,"menu_order":0,"comment_status":"closed","ping_status":"closed","template":"","meta":{"footnotes":""},"class_list":["post-296","page","type-page","status-publish","hentry"],"_links":{"self":[{"href":"https:\/\/kaprixo.com\/ca\/wp-json\/wp\/v2\/pages\/296","targetHints":{"allow":["GET"]}}],"collection":[{"href":"https:\/\/kaprixo.com\/ca\/wp-json\/wp\/v2\/pages"}],"about":[{"href":"https:\/\/kaprixo.com\/ca\/wp-json\/wp\/v2\/types\/page"}],"author":[{"embeddable":true,"href":"https:\/\/kaprixo.com\/ca\/wp-json\/wp\/v2\/users\/1"}],"replies":[{"embeddable":true,"href":"https:\/\/kaprixo.com\/ca\/wp-json\/wp\/v2\/comments?post=296"}],"version-history":[{"count":4,"href":"https:\/\/kaprixo.com\/ca\/wp-json\/wp\/v2\/pages\/296\/revisions"}],"predecessor-version":[{"id":306,"href":"https:\/\/kaprixo.com\/ca\/wp-json\/wp\/v2\/pages\/296\/revisions\/306"}],"wp:attachment":[{"href":"https:\/\/kaprixo.com\/ca\/wp-json\/wp\/v2\/media?parent=296"}],"curies":[{"name":"wp","href":"https:\/\/api.w.org\/{rel}","templated":true}]}}