{"id":293,"date":"2022-04-29T07:20:41","date_gmt":"2022-04-29T07:20:41","guid":{"rendered":"https:\/\/kaprixo.com\/?page_id=293"},"modified":"2022-04-29T07:50:56","modified_gmt":"2022-04-29T07:50:56","slug":"politica-de-privacidad-y-cookies","status":"publish","type":"page","link":"https:\/\/kaprixo.com\/ca\/politica-de-privacidad-y-cookies\/","title":{"rendered":"Pol\u00edtica de privadesa i cookies"},"content":{"rendered":"<div class=\"wpb-content-wrapper\"><div class=\"vc_row wpb_row vc_row-fluid\"><div class=\"wpb_column vc_column_container vc_col-sm-12\"><div class=\"vc_column-inner\"><div class=\"wpb_wrapper\">\n\t<div class=\"wpb_text_column wpb_content_element\" >\n\t\t<div class=\"wpb_wrapper\">\n\t\t\t<article class=\"post-entry post-entry-type-page post-entry-368\">\n<div class=\"entry-content-wrapper clearfix\">\n<header class=\"entry-content-header\"><\/header>\n<div class=\"entry-content\">\n<p><strong>INFORMACI\u00d3 A L&#039;USUARI<\/strong><\/p>\n<p>Kaprixo, com a Responsable del Tractament, us informa que, segons el que disposa el Reglament (UE) 2016\/679, de 27 d&#039;abril de 2016, de protecci\u00f3 de dades personals (RGPD), tractarem les vostres dades tal com reflectim en aquesta Pol\u00edtica de Privadesa.<\/p>\n<p>En aquesta Pol\u00edtica de Privadesa descrivim com recollim les vostres dades personals i per qu\u00e8 les recollim, qu\u00e8 fem amb elles, amb qui les compartim, com les protegim i les seves opcions pel que fa al tractament de les vostres dades personals.<\/p>\n<p>Aquesta Pol\u00edtica s&#039;aplica al tractament de les vostres dades personals recollides per l&#039;empresa per a la prestaci\u00f3 dels seus serveis. Si accepteu les mesures d&#039;aquesta Pol\u00edtica, accepteu que tractem les vostres dades personals com es defineix en aquesta Pol\u00edtica.<\/p>\n<p><strong>CONTACTE<\/strong><\/p>\n<p>Nom comercial: Pizza Pio Pio, SL.<br \/>\nCIF: <span class=\"markedContent\"><span dir=\"ltr\" role=\"presentation\">B16911414<\/span><\/span><br \/>\nDomicili social: Laure\u00e0 Miro 353 08950 Esplugues (Bcn)<br \/>\nTel\u00e8fon: 936 275 201 \u2013 602 399 824<br \/>\ne-mail: reserves@kaprixo.com<\/p>\n<p><strong>PRINCIPIS CLAU<\/strong><br \/>\nSempre hem estat compromesos amb prestar els nostres serveis amb el m\u00e9s alt grau de qualitat, cosa que inclou tractar les seves dades amb seguretat i transpar\u00e8ncia. Els nostres principis s\u00f3n:<\/p>\n<ul>\n<li><strong>Legalitat<\/strong>: Nom\u00e9s recopilarem les vostres Dades personals per a fins espec\u00edfics, expl\u00edcits i leg\u00edtims.<\/li>\n<\/ul>\n<ul>\n<li><strong>Minimitzaci\u00f3 de dades<\/strong>: Limitem la recollida de dades de car\u00e0cter personal a all\u00f2 que \u00e9s estrictament rellevant i necessari per als fins per als que s&#039;han recopilat.<\/li>\n<\/ul>\n<ul>\n<li><strong>Limitaci\u00f3 de la Finalitat<\/strong>: Nom\u00e9s recollirem les vostres dades personals per als fins declarats i nom\u00e9s segons els vostres desitjos.<\/li>\n<\/ul>\n<ul>\n<li><strong>Precisi\u00f3<\/strong>: Mantindrem les vostres dades personals exactes i actualitzades.<\/li>\n<\/ul>\n<ul>\n<li><strong>Seguretat de les Dades<\/strong>: Apliquem les mesures t\u00e8cniques i organitzatives adequades i proporcionals als riscos per garantir que les seves dades no pateixin danys, com ara divulgaci\u00f3 o acc\u00e9s no autoritzat, la destrucci\u00f3 accidental o il\u00b7l\u00edcita o la seva p\u00e8rdua accidental o alteraci\u00f3 i qualsevol altra forma de tractament il\u00b7l\u00edcit.<\/li>\n<\/ul>\n<ul>\n<li><strong>Acc\u00e9s i Rectificaci\u00f3<\/strong>: Disposem de mitjans perqu\u00e8 accedeixi o rectifiqui les seves dades quan ho consideri oport\u00fa.<\/li>\n<\/ul>\n<ul>\n<li><strong>Conservaci\u00f3<\/strong>: Conservem les vostres dades personals de manera legal i apropiada i nom\u00e9s mentre \u00e9s necessari per als fins per als que s&#039;han recopilat.<\/li>\n<\/ul>\n<ul>\n<li><strong>Les transfer\u00e8ncies internacionals<\/strong>: quan es doni el cas que les seves dades siguin transferides fora de la UE\/EEE es protegiran adequadament.<\/li>\n<\/ul>\n<ul>\n<li><strong>Tercers<\/strong>: L&#039;acc\u00e9s i la transfer\u00e8ncia de dades personals a tercers es duen a terme d&#039;acord amb les lleis i els reglaments aplicables i amb les garanties contractuals adequades.<\/li>\n<\/ul>\n<ul>\n<li><strong>M\u00e0rqueting Directe i cookies<\/strong>: Complim amb la legislaci\u00f3 aplicable en mat\u00e8ria de publicitat i galetes.<\/li>\n<\/ul>\n<p><strong>RECOLLIDA I TRACTAMENT DE LES SEVES DADES PERSONALS<\/strong><br \/>\nEls tipus de dades que se sol\u00b7liciten i tracten s\u00f3n:<\/p>\n<ul>\n<li>Dades de car\u00e0cter identificatiu, de caracter\u00edstiques personals i de circumst\u00e0ncies socials.<\/li>\n<li>Dades econ\u00f2miques, si escau.<\/li>\n<\/ul>\n<p>Tamb\u00e9 recollim de forma autom\u00e0tica dades sobre la vostra visita al nostre lloc web segons es descriu a la secci\u00f3 \u201c\u00das de cookies\u201d m\u00e9s endavant.<\/p>\n<p>Sempre que sol\u00b7licitem les vostres Dades personals, us informarem amb claredat de quines dades personals recollim i amb quina finalitat. En general, recollim i tractem les vostres dades personals amb el prop\u00f2sit de:<\/p>\n<ul>\n<li>Proporcionar informaci\u00f3 sobre els nostres productes i serveis.<\/li>\n<li>Prestar els nostres serveis.<\/li>\n<li>Respondre les vostres consultes i sol\u00b7licituds.<\/li>\n<\/ul>\n<p><strong>LEGITIMITAT<\/strong><\/p>\n<p>D&#039;acord amb la normativa de protecci\u00f3 de dades aplicable, les vostres dades personals es poden processar si:<\/p>\n<ul>\n<li>Ens ha donat el consentiment als efectes del tractament. Per descomptat, podreu retirar el vostre consentiment en qualsevol moment.<\/li>\n<\/ul>\n<ul>\n<li>\u00c9s necessari per a la prestaci\u00f3 d&#039;algun dels nostres serveis mitjan\u00e7ant una relaci\u00f3 contractual entre vost\u00e8 i nosaltres.<\/li>\n<\/ul>\n<ul>\n<li>Amb aquest tractament, busquem un inter\u00e8s leg\u00edtim que no es vegi menyscabat pels seus drets de privadesa. Aquest inter\u00e8s leg\u00edtim se us comunicar\u00e0 degudament en l&#039;av\u00eds de privadesa relacionat amb aquest tractament en particular.<\/li>\n<li>\u00c9s requerit per la llei<\/li>\n<\/ul>\n<p><strong>ELS SEUS DRETS<\/strong><\/p>\n<p>En relaci\u00f3 amb la recollida i tractament de les vostres dades personals, podeu posar-vos en contacte amb nosaltres en qualsevol moment per:<\/p>\n<ul>\n<li>Saber si tractem les vostres dades personals.<\/li>\n<li>Accedir a les vostres dades personals ia qualsevol altra informaci\u00f3 indicada a l&#039;article 15.1 del RGPD.<\/li>\n<li>Rectificar les dades personals que siguin inexactes o estiguin incompletes d&#039;acord amb l&#039;article 16 del RGPD.<\/li>\n<li>Suprimir les vostres dades personals d&#039;acord amb l&#039;article 17 del RGPD.<\/li>\n<li>Limitar el tractament de les vostres dades personals d&#039;acord amb l&#039;article 18 del RGPD.<\/li>\n<li>Sol\u00b7licitar la portabilitat de les vostres dades d&#039;acord amb l&#039;article 20 del RGPD.<\/li>\n<li>Oposar-se al tractament de les vostres dades personals d&#039;acord amb l&#039;article 21 del RGPD.<\/li>\n<\/ul>\n<p>Si heu atorgat el vostre consentiment per a alguna finalitat concreta, teniu dret a retirar el consentiment atorgat en qualsevol moment, sense que aix\u00f2 afecti la licitud del tractament basat en el consentiment previ a la seva retirada. Per exercir els vostres drets podeu enviar-nos una comunicaci\u00f3 a reserves@kaprixo.com<\/p>\n<p><strong>INFORMACI\u00d3 LEGAL<\/strong><br \/>\nEls requisits d&#039;aquesta Pol\u00edtica complementen, i no reemplacen, qualsevol altre requisit existent sota la llei de protecci\u00f3 de dades aplicable, que ser\u00e0 la que prevalgui en qualsevol cas.<\/p>\n<p>Aquesta Pol\u00edtica est\u00e0 subjecta a revisions peri\u00f2diques i l&#039;empresa la pot modificar en qualsevol moment. Quan aix\u00f2 passi, us avisarem de qualsevol canvi i us demanarem que torneu a llegir la versi\u00f3 m\u00e9s recent de la nostra Pol\u00edtica i que confirmeu la seva acceptaci\u00f3.<\/p>\n<p align=\"justify\"><strong>2. Pol\u00edtica d&#039;\u00fas de galetes<\/strong><\/p>\n<p align=\"justify\">En compliment del que disposa l&#039;article 22.2 LSSI, la Web \u00fanicament utilitzar\u00e0 dispositius d&#039;emmagatzematge i recuperaci\u00f3 de dades (&#039;Cookies&#039;) quan l&#039;usuari hagi donat el seu consentiment per fer-ho, d&#039;acord amb el que s&#039;indica a la finestra emergent del navegador de l&#039;usuari quan accedeix per primera vegada al web i en els altres termes i condicions seg\u00fcents que qualsevol usuari ha de con\u00e8ixer.<\/p>\n<p align=\"justify\">La nostra Pol\u00edtica de Cookies t\u00e9 com a objectiu ajudar a comprendre l&#039;\u00fas que fem de les galetes, la finalitat de les galetes utilitzades, aix\u00ed com les possibles opcions que l&#039;usuari disposa per gestionar-les. La pol\u00edtica publicada est\u00e0 subjecta a actualitzacions peri\u00f2diques.<\/p>\n<p align=\"justify\">Els usuaris poden accedir a aquesta informaci\u00f3 en tot moment mitjan\u00e7ant l&#039;enlla\u00e7 \u201cPol\u00edtica de privadesa i Cookies\u201d habilitat a la web. Els usuaris poden modificar les prefer\u00e8ncies sobre l&#039;acceptaci\u00f3 de galetes a trav\u00e9s de les opcions del seu navegador. A l&#039;apartat de \u201cModificar la configuraci\u00f3 de les cookies\u201d trobareu m\u00e9s informaci\u00f3.<\/p>\n<p align=\"justify\"><strong>Quines opcions puc prendre?<\/strong><\/p>\n<p align=\"justify\">\u00c9s possible realitzar les accions seg\u00fcents:<\/p>\n<p align=\"justify\">Acceptar cookies: No es tornar\u00e0 a visualitzar l\u00b4av\u00eds en accedir a qualsevol p\u00e0gina de la Botiga.<\/p>\n<p align=\"justify\">No fer res: Es visualitzar\u00e0 l&#039;av\u00eds sempre en accedir a qualsevol p\u00e0gina de la web. Si continueu navegant, considerem que accepteu l&#039;\u00fas de les galetes.<\/p>\n<p align=\"justify\">Modificar la configuraci\u00f3 de les cookies: Podreu esborrar les cookies de la Web i modificar la configuraci\u00f3 de la vostra navegaci\u00f3. Per\u00f2 aix\u00f2 no evitar\u00e0 que es visualitzi l&#039;av\u00eds de les galetes en accedir de nou a la web.<\/p>\n<p align=\"justify\"><strong>Qu\u00e8 \u00e9s una galeta?<\/strong><\/p>\n<p align=\"justify\">Una \u201cCookie\u201d \u00e9s un petit fitxer de text que un lloc web emmagatzema al navegador de l&#039;usuari. Les galetes faciliten l&#039;\u00fas i la navegaci\u00f3 per una p\u00e0gina web i s\u00f3n essencials per al funcionament d&#039;internet, aportant innombrables avantatges en la prestaci\u00f3 de serveis interactius.<\/p>\n<p align=\"justify\">Aix\u00ed, per exemple, s\u00f3n utilitzades per gestionar la sessi\u00f3 de l&#039;usuari (reduint el nombre de vegades que cal introduir la clau), o per adaptar els continguts de la web a les seves prefer\u00e8ncies, entre d&#039;altres facilitats.<\/p>\n<p style=\"text-align: left;\" align=\"justify\">M\u00e9s informaci\u00f3 a <a href=\"http:\/\/es.wikipedia.org\/wiki\/Cookie_{b688fd674e56a7e4a59fd699c73010b271ae924ffc95a1ee8f73a6a48d51dada}28inform{b688fd674e56a7e4a59fd699c73010b271ae924ffc95a1ee8f73a6a48d51dada}C3{b688fd674e56a7e4a59fd699c73010b271ae924ffc95a1ee8f73a6a48d51dada}A1tica{b688fd674e56a7e4a59fd699c73010b271ae924ffc95a1ee8f73a6a48d51dada}29\"><u>http:\/\/es.wikipedia.org\/wiki\/Cookie_{b688fd674e56a7e4a59fd699c73010b271ae924ffc95a1ee8f73a6a48d51dada}28inform{b688fd674e56a7e4a59fd699c73010b271ae924ffc95a1ee8f73a6a48d51dada}C3{b688fd674e56a7e4a59fd699c73010b271ae924ffc95a1ee8f73a6a48d51dada}A1tica{b688fd674e56a7e4a59fd699c73010b271ae924ffc95a1ee8f73a6a48d51dada}29<\/u><\/a><\/p>\n<p style=\"text-align: left;\" align=\"justify\">A la <a href=\"http:\/\/www.agpd.es\/portalwebAGPD\/canaldocumentacion\/publicaciones\/common\/Guias\/Guia_Cookies.pdf\"><u>guia sobre l&#039;\u00fas de galetes de l&#039;Ag\u00e8ncia de Protecci\u00f3 de Dades<\/u> <\/a>es detallen els diferents tipus de galetes.<\/p>\n<p align=\"justify\"><strong>Quins tipus de galetes utilitzem?<\/strong><\/p>\n<p align=\"justify\"><strong>1.-<\/strong><br \/>\nEn funci\u00f3 de qui les gestiona:<\/p>\n<p align=\"justify\">Cookies pr\u00f2pies: s\u00f3n les que s&#039;envien al vostre navegador des dels nostres equips o dominis web i des del qual es presta el servei sol\u00b7licitat.<\/p>\n<p align=\"justify\">Cookies de tercers: s\u00f3n les que s&#039;envien al vostre navegador des d&#039;un equip o domini web que no gestionem nosaltres, sin\u00f3 una entitat col\u00b7laboradora com pugui ser Google Analytics.<\/p>\n<p align=\"justify\"><strong>2.-<\/strong><br \/>\nEn funci\u00f3 del temps que estan actives:<\/p>\n<p align=\"justify\">Cookies de sessi\u00f3: s\u00f3n les que romanen a l&#039;arxiu de cookies del vostre navegador fins que abandona la p\u00e0gina web, de manera que cap queda al dispositiu.<\/p>\n<p align=\"justify\">Cookies persistents: s\u00f3n les que romanen al dispositiu i la nostra web les llegeix cada cop que realitza una nova visita. Aquestes galetes deixen de funcionar passada una data concreta.<\/p>\n<p align=\"justify\"><strong>3.-<\/strong><br \/>\nEn funci\u00f3 de la finalitat:<\/p>\n<p align=\"justify\">Galetes t\u00e8cniques: s\u00f3n les que milloren la navegaci\u00f3 i el bon funcionament de la nostra web. Galetes de personalitzaci\u00f3: s\u00f3n les que permeten accedir al servei amb unes caracter\u00edstiques predefinides en funci\u00f3 d&#039;una s\u00e8rie de criteris. Serveixen, per exemple, per triar l&#039;idioma de la web.<\/p>\n<p align=\"justify\">Galetes d&#039;an\u00e0lisi: s\u00f3n les que permeten mesurar i analitzar estad\u00edsticament l&#039;\u00fas que es fa del servei prestat. Serveixen per exemple per saber qui visita la web.<\/p>\n<p align=\"justify\">Cookies que fem servir:<\/p>\n<p>&nbsp;<\/p>\n<table style=\"height: 649px;\" width=\"941\" cellspacing=\"0\" cellpadding=\"2\">\n<colgroup>\n<col width=\"217\" \/>\n<col width=\"110\" \/>\n<col width=\"302\" \/> <\/colgroup>\n<tbody>\n<tr valign=\"top\">\n<td width=\"217\">\n<p align=\"justify\"><strong>Nom<\/strong><\/p>\n<\/td>\n<td width=\"110\">\n<p align=\"justify\"><strong>Expiraci\u00f3<\/strong><\/p>\n<\/td>\n<td width=\"302\">\n<p align=\"justify\"><strong>Finalitat<\/strong><\/p>\n<\/td>\n<\/tr>\n<tr valign=\"top\">\n<td width=\"217\">\n<p align=\"justify\">uvc<\/p>\n<\/td>\n<td width=\"110\">\n<p align=\"justify\">1 dia.<\/p>\n<\/td>\n<td rowspan=\"5\" width=\"302\">\n<p align=\"justify\">Compartir els continguts de la web a les xarxes socials via Addtoany i fer l&#039;anal\u00edtica de la web amb Google Analitics. Aquestes<br \/>\ngaletes recopilen informaci\u00f3 sobre l&#039;activitat dels usuaris i no sobre la seva identificaci\u00f3 personal. Informaci\u00f3 sobre l&#039;origen de<br \/>\nles visites, paraules clau, navegador utilitzat, etc. _ga s&#039;utilitza per distingir els usuaris.<\/p>\n<\/td>\n<\/tr>\n<tr valign=\"top\">\n<td width=\"217\">\n<p align=\"justify\">__utma<\/p>\n<\/td>\n<td width=\"110\">\n<p align=\"justify\">2 anys.<\/p>\n<\/td>\n<\/tr>\n<tr valign=\"top\">\n<td width=\"217\">\n<p align=\"justify\">__utmb<\/p>\n<\/td>\n<td width=\"110\">\n<p align=\"justify\">30 minuts.<\/p>\n<\/td>\n<\/tr>\n<tr valign=\"top\">\n<td width=\"217\">\n<p align=\"justify\">__utmc<\/p>\n<\/td>\n<td width=\"110\">\n<p align=\"justify\">Sessi\u00f3<\/p>\n<\/td>\n<\/tr>\n<tr valign=\"top\">\n<td width=\"217\">__utmz_ga<\/p>\n<p>_gat<\/td>\n<td width=\"110\">\n<p align=\"justify\">6 mesos.<\/p>\n<p>2 anys<\/p>\n<p>10 minuts<\/td>\n<\/tr>\n<tr valign=\"top\">\n<td width=\"217\">\n<p align=\"justify\">ipinfo<\/p>\n<\/td>\n<td width=\"110\">\n<p align=\"justify\">6 mesos.<\/p>\n<\/td>\n<td rowspan=\"3\" width=\"302\">\n<p align=\"justify\">Anal\u00edtica de publicitat amb Media6degrees.<\/p>\n<p align=\"justify\">Les galetes recullen informaci\u00f3 sobre els usuaris en utilitzar el bot\u00f3 de xarxes socials per compartir els continguts de la web.<\/p>\n<\/td>\n<\/tr>\n<tr valign=\"top\">\n<td width=\"217\">\n<p align=\"justify\">clid<\/p>\n<\/td>\n<td width=\"110\">\n<p align=\"justify\">6 mesos.<\/p>\n<\/td>\n<\/tr>\n<tr valign=\"top\">\n<td width=\"217\">\n<p align=\"justify\">acs<\/p>\n<\/td>\n<td width=\"110\">\n<p align=\"justify\">6 mesos.<\/p>\n<\/td>\n<\/tr>\n<\/tbody>\n<\/table>\n<p>&nbsp;<\/p>\n<p align=\"justify\">Tercers prestadors de serveis al nostre domini:<\/p>\n<p align=\"justify\">Addtoany. \u00c9s un servei proporcionat per addtonay.com i static.addtonay.com perqu\u00e8 els usuaris puguin compartir informaci\u00f3 de webs de forma senzilla a les xarxes socials. M\u00e9s informaci\u00f3 a <a href=\"http:\/\/www.addtoany.com\/privacy\">http:\/\/www.addtoany.com\/privacy<\/a><\/p>\n<p align=\"justify\">Google Analitics. \u00c9s una aplicaci\u00f3 de programari de Google Inc. per a l&#039;anal\u00edtica de webs. Les cookies utilitzades recopilen dades an\u00f2nimes sobre la navegaci\u00f3 dels usuaris per la web amb la finalitat de con\u00e8ixer l&#039;origen de les visites, el nombre de vegades que han visitat la web, les paraules clau utilitzades i altres dades estad\u00edstiques. M\u00e9s informaci\u00f3 a <a href=\"http:\/\/www.google.com\/analytics\/\">http:\/\/www.google.com\/analytics\/<\/a><\/p>\n<p align=\"justify\">Media6degrees.\u00c9s una empresa prove\u00efdora d&#039;an\u00e0lisi de publicitat en l\u00ednia mitjan\u00e7ant les xarxes socials. Recopila informaci\u00f3 sobre l&#039;activitat dels usuaris a la web amb finalitats publicit\u00e0ries. M\u00e9s informaci\u00f3 a <a href=\"http:\/\/media6degrees.com\/privacy.php\">http:\/\/media6degrees.com\/privacy.php<\/a><\/p>\n<p align=\"justify\"><strong>Modificar la configuraci\u00f3 de les galetes.<\/strong><\/p>\n<p align=\"justify\">Podeu restringir, bloquejar o esborrar les galetes de la Web configurant les prefer\u00e8ncies del vostre navegador. Aix\u00ed mateix, podeu activar l&#039;opci\u00f3 de navegaci\u00f3 privada per la qual el vostre navegador deixa d&#039;emmagatzemar l&#039;historial de navegaci\u00f3, les vostres claus secretes, cookies i altra informaci\u00f3 de les p\u00e0gines que visiteu.<\/p>\n<p>A cada navegador la configuraci\u00f3 de les cookies \u00e9s diferent, la funci\u00f3 de \u201cAjuda\u201d us mostrar\u00e0 com fer-ho, per\u00f2 us indiquem els enlla\u00e7os<br \/>\ndirectes dels principals navegadors sobre el tema :<\/p>\n<p><a href=\"http:\/\/windows.microsoft.com\/es-xl\/internet-explorer\/delete-manage-cookies#ie=ie-10\"><u>InternetExplorer<\/u><\/a><br \/>\n(enlla\u00e7os)<\/p>\n<p><a href=\"https:\/\/support.mozilla.org\/es\/kb\/Borrar{b688fd674e56a7e4a59fd699c73010b271ae924ffc95a1ee8f73a6a48d51dada}20cookies\"><u>FireFox<\/u><\/a><\/p>\n<p><a href=\"https:\/\/support.google.com\/chrome\/answer\/95647?hl=es\"><u>Chrome<\/u><\/a><\/p>\n<p><a href=\"https:\/\/support.apple.com\/es-es\/HT201265\"><u>Safari<\/u><\/a><\/p>\n<p align=\"justify\">Per acabar, tingueu en compte que el bloqueig de cookies pot afectar tota o alguna funcionalitat de la web.<\/p>\n<\/div>\n<\/div>\n<\/article>\n\n\t\t<\/div>\n\t<\/div>\n<div class=\"boc_spacing\" style=\"height: 40px\"><\/div><\/div><\/div><\/div><\/div>\n<\/div>","protected":false},"excerpt":{"rendered":"INFORMACI\u00d3N AL USUARIO Kaprixo, como Responsable del Tratamiento le informa que, seg\u00fan lo dispuesto en el Reglamento (UE) 2016\/679, de 27 de abril de 2016, de protecci\u00f3n de datos personales (RGPD), trataremos su datos tal y como reflejamos en la presente Pol\u00edtica de Privacidad. En esta Pol\u00edtica de Privacidad describimos c\u00f3mo recogemos sus datos personales y por qu\u00e9 los recogemos,<div class=\"h10\"><\/div><a class=\"more-link1\" href=\"https:\/\/kaprixo.com\/ca\/politica-de-privacidad-y-cookies\/\">Read more<\/a>","protected":false},"author":1,"featured_media":0,"parent":0,"menu_order":0,"comment_status":"closed","ping_status":"closed","template":"","meta":{"footnotes":""},"class_list":["post-293","page","type-page","status-publish","hentry"],"_links":{"self":[{"href":"https:\/\/kaprixo.com\/ca\/wp-json\/wp\/v2\/pages\/293","targetHints":{"allow":["GET"]}}],"collection":[{"href":"https:\/\/kaprixo.com\/ca\/wp-json\/wp\/v2\/pages"}],"about":[{"href":"https:\/\/kaprixo.com\/ca\/wp-json\/wp\/v2\/types\/page"}],"author":[{"embeddable":true,"href":"https:\/\/kaprixo.com\/ca\/wp-json\/wp\/v2\/users\/1"}],"replies":[{"embeddable":true,"href":"https:\/\/kaprixo.com\/ca\/wp-json\/wp\/v2\/comments?post=293"}],"version-history":[{"count":5,"href":"https:\/\/kaprixo.com\/ca\/wp-json\/wp\/v2\/pages\/293\/revisions"}],"predecessor-version":[{"id":309,"href":"https:\/\/kaprixo.com\/ca\/wp-json\/wp\/v2\/pages\/293\/revisions\/309"}],"wp:attachment":[{"href":"https:\/\/kaprixo.com\/ca\/wp-json\/wp\/v2\/media?parent=293"}],"curies":[{"name":"wp","href":"https:\/\/api.w.org\/{rel}","templated":true}]}}