{"id":112,"date":"2022-04-26T09:51:29","date_gmt":"2022-04-26T09:51:29","guid":{"rendered":"https:\/\/kaprixo.com\/?page_id=112"},"modified":"2022-09-21T12:38:52","modified_gmt":"2022-09-21T12:38:52","slug":"contacto","status":"publish","type":"page","link":"https:\/\/kaprixo.com\/ca\/contacto\/","title":{"rendered":"Contacte"},"content":{"rendered":"<div class=\"wpb-content-wrapper\"><div data-vc-full-width=\"true\" data-vc-full-width-temp=\"true\" data-vc-full-width-init=\"false\" data-vc-stretch-content=\"true\" class=\"vc_row wpb_row vc_row-fluid vc_custom_1650967142902 vc_row-has-fill vc_row-no-padding\"><div class=\"wpb_column vc_column_container vc_col-sm-12\"><div class=\"vc_column-inner\"><div class=\"wpb_wrapper\"><div class=\"boc_spacing\" style=\"height: 260px\"><\/div>\n\t<div class=\"wpb_text_column wpb_content_element\" >\n\t\t<div class=\"wpb_wrapper\">\n\t\t\t<h1 style=\"text-align: center; font-size: 22px;\"><span style=\"color: #ffffff;\">Contacte<\/span><\/h1>\n\n\t\t<\/div>\n\t<\/div>\n<div class=\"boc_spacing\" style=\"height: 20px\"><\/div><\/div><\/div><\/div><\/div><div class=\"vc_row-full-width vc_clearfix\"><\/div><div class=\"vc_row wpb_row vc_row-fluid vc_column-gap-35\"><div class=\"wpb_column vc_column_container vc_col-sm-6 vc_hidden-md vc_hidden-sm vc_hidden-xs\"><div class=\"vc_column-inner\"><div class=\"wpb_wrapper\"><div class=\"boc_spacing\" style=\"height: 90px\"><\/div>\n\t<div  class=\"wpb_single_image wpb_content_element vc_align_center wpb_content_element vc_custom_1650970947744\">\n\t\t\n\t\t<figure class=\"wpb_wrapper vc_figure\">\n\t\t\t<div class=\"vc_single_image-wrapper   vc_box_border_grey\"><img loading=\"lazy\" decoding=\"async\" width=\"1609\" height=\"465\" src=\"https:\/\/kaprixo.com\/wp-content\/uploads\/2022\/04\/Logo_verde.png\" class=\"vc_single_image-img attachment-full\" alt=\"\" title=\"Logo_verd\" srcset=\"https:\/\/kaprixo.com\/wp-content\/uploads\/2022\/04\/Logo_verde.png 1609w, https:\/\/kaprixo.com\/wp-content\/uploads\/2022\/04\/Logo_verde-300x87.png 300w, https:\/\/kaprixo.com\/wp-content\/uploads\/2022\/04\/Logo_verde-1024x296.png 1024w, https:\/\/kaprixo.com\/wp-content\/uploads\/2022\/04\/Logo_verde-768x222.png 768w, https:\/\/kaprixo.com\/wp-content\/uploads\/2022\/04\/Logo_verde-1536x444.png 1536w\" sizes=\"auto, (max-width: 1609px) 100vw, 1609px\" \/><\/div>\n\t\t<\/figure>\n\t<\/div>\n<div class=\"boc_spacing\" style=\"height: 20px\"><\/div>\n\t<div class=\"wpb_text_column wpb_content_element\" >\n\t\t<div class=\"wpb_wrapper\">\n\t\t\t<h2 style=\"text-align: center;\"><span style=\"color: #163e40;\">Delecta&#039;t amb els nostres deliciosos plats<\/span><\/h2>\n\n\t\t<\/div>\n\t<\/div>\n<div class=\"vc_row wpb_row vc_inner vc_row-fluid\"><div class=\"wpb_column vc_column_container vc_col-sm-12\"><div class=\"vc_column-inner\"><div class=\"wpb_wrapper\"><div class=\"boc_spacing\" style=\"height: 50px\"><\/div>\n\t<div class=\"wpb_text_column wpb_content_element\" >\n\t\t<div class=\"wpb_wrapper\">\n\t\t\t<h4><strong style=\"font-weight: bold;\">Adre\u00e7a:<\/strong><strong> C\/ Laure\u00e0 Mir\u00f3, 353-357 08950 \u2013 Esplugues de Llobregat, Barcelona<\/strong><\/h4>\n<h4><strong style=\"font-weight: bold;\">Tel\u00e8fon:<\/strong><strong> 936 275 201<\/strong><\/h4>\n\n\t\t<\/div>\n\t<\/div>\n<div class=\"boc_spacing\" style=\"height: 45px\"><\/div><div class=\"wpb_gmaps_widget wpb_content_element\"><div class=\"wpb_wrapper\"><div class=\"wpb_map_wraper\"><iframe src=\"https:\/\/www.google.com\/maps\/embed?pb=!1m12!1m8!1m3!1d11974.918396185827!2d2.0788729248535054!3d41.37995919639745!3m2!1i1024!2i768!4f13.1!2m1!1sKaprixo%20Restaurant!5e0!3m2!1ses!2suk!4v1663763899551!5m2!1ses!2suk\" width=\"600\" height=\"320\" style=\"border:0;\" allowfullscreen=\"\" loading=\"lazy\" referrerpolicy=\"no-referrer-when-downgrade\"><\/iframe><\/div><\/div><\/div><\/div><\/div><\/div><\/div><div class=\"boc_spacing\" style=\"height: 120px\"><\/div><\/div><\/div><\/div><div class=\"wpb_column vc_column_container vc_col-sm-6 vc_hidden-md vc_hidden-sm vc_hidden-xs\"><div class=\"vc_column-inner\"><div class=\"wpb_wrapper\"><div class=\"boc_spacing\" style=\"height: 80px\"><\/div>\n\t<div class=\"wpb_text_column wpb_content_element\" >\n\t\t<div class=\"wpb_wrapper\">\n\t\t\t<h3 style=\"text-align: center; font-weight: bold;\">Podeu contactar-nos a trav\u00e9s del <strong>seg\u00fcent formulari<\/strong><\/h3>\n\n\t\t<\/div>\n\t<\/div>\n<div class=\"boc_spacing\" style=\"height: 30px\"><\/div>\n<div class=\"wpcf7 no-js\" id=\"wpcf7-f159-o1\" lang=\"es-ES\" dir=\"ltr\" data-wpcf7-id=\"159\">\n<div class=\"screen-reader-response\"><p role=\"status\" aria-live=\"polite\" aria-atomic=\"true\"><\/p> <ul><\/ul><\/div>\n<form action=\"\/ca\/wp-json\/wp\/v2\/pages\/112#wpcf7-f159-o1\" method=\"post\" class=\"wpcf7-form init\" aria-label=\"Formulari de contacte\" novalidate=\"novalidate\" data-status=\"init\" data-trp-original-action=\"\/ca\/wp-json\/wp\/v2\/pages\/112#wpcf7-f159-o1\">\n<fieldset class=\"hidden-fields-container\"><input type=\"hidden\" name=\"_wpcf7\" value=\"159\" \/><input type=\"hidden\" name=\"_wpcf7_version\" value=\"6.1.4\" \/><input type=\"hidden\" name=\"_wpcf7_locale\" value=\"es_ES\" \/><input type=\"hidden\" name=\"_wpcf7_unit_tag\" value=\"wpcf7-f159-o1\" \/><input type=\"hidden\" name=\"_wpcf7_container_post\" value=\"0\" \/><input type=\"hidden\" name=\"_wpcf7_posted_data_hash\" value=\"\" \/><input type=\"hidden\" name=\"_wpcf7_recaptcha_response\" value=\"\" \/>\n<\/fieldset>\n<div class=\"uacf7-form-wrapper-container uacf7-form-159\"><label> El teu nom\n    <span class=\"wpcf7-form-control-wrap\" data-name=\"your-name\"><input size=\"40\" maxlength=\"400\" class=\"wpcf7-form-control wpcf7-text wpcf7-validates-as-required\" aria-required=\"true\" aria-invalid=\"false\" value=\"\" type=\"text\" name=\"your-name\" \/><\/span> <\/label>\n\n<label> El teu correu electr\u00f2nic\n    <span class=\"wpcf7-form-control-wrap\" data-name=\"your-email\"><input size=\"40\" maxlength=\"400\" class=\"wpcf7-form-control wpcf7-email wpcf7-validates-as-required wpcf7-text wpcf7-validates-as-email\" aria-required=\"true\" aria-invalid=\"false\" value=\"\" type=\"email\" name=\"your-email\" \/><\/span> <\/label>\n\n<label> Tel\u00e8fon\n    <span class=\"wpcf7-form-control-wrap\" data-name=\"your-subject\"><input size=\"40\" maxlength=\"400\" class=\"wpcf7-form-control wpcf7-text wpcf7-validates-as-required\" aria-required=\"true\" aria-invalid=\"false\" value=\"\" type=\"text\" name=\"your-subject\" \/><\/span> <\/label>\n\n<label> El teu missatge (opcional)\n    <span class=\"wpcf7-form-control-wrap\" data-name=\"your-message\"><textarea cols=\"40\" rows=\"10\" maxlength=\"2000\" class=\"wpcf7-form-control wpcf7-textarea\" aria-invalid=\"false\" name=\"your-message\"><\/textarea><\/span> <\/label>\n\n\n<span class=\"wpcf7-form-control-wrap\" data-name=\"Enviodedatos\"><span class=\"wpcf7-form-control wpcf7-acceptance\"><span class=\"wpcf7-list-item\"><label><input type=\"checkbox\" name=\"Enviodedatos\" value=\"1\" aria-invalid=\"false\" \/><span class=\"wpcf7-list-item-label\">Acceptes l&#039;enviament de dades?<\/span><\/label><\/span><\/span><\/span>\n\n<span class=\"wpcf7-form-control-wrap\" data-name=\"Enviodedatos\"><span class=\"wpcf7-form-control wpcf7-acceptance\"><span class=\"wpcf7-list-item\"><label><input type=\"checkbox\" name=\"Enviodedatos\" value=\"1\" aria-invalid=\"false\" \/><span class=\"wpcf7-list-item-label\">Acceptes la <a href=\"\/ca\/politica-de-privacidad-y-cookies\/\"><strong>pol\u00edtica de privadesa<\/strong><\/a>?<\/span><\/label><\/span><\/span><\/span>\n\n<span id=\"wpcf7-69e34f71c0b6f-wrapper\" class=\"wpcf7-form-control-wrap honeypot-794-wrap\" style=\"display:none !important; visibility:hidden !important;\"><input type=\"hidden\" name=\"honeypot-794-time-start\" value=\"1776504689\"><input type=\"hidden\" name=\"honeypot-794-time-check\" value=\"4\"><label for=\"wpcf7-69e34f71c0b6f-field\" class=\"hp-message\">Si us plau, deixa aquest camp buit.<\/label><input id=\"wpcf7-69e34f71c0b6f-field\"  class=\"wpcf7-form-control wpcf7-text\" type=\"text\" name=\"honeypot-794\" value=\"\" size=\"40\" tabindex=\"-1\" autocomplete=\"new-password\" \/><\/span>\n<input class=\"wpcf7-form-control wpcf7-submit has-spinner\" type=\"submit\" value=\"Enviar\" \/><\/div><div class=\"wpcf7-response-output\" aria-hidden=\"true\"><\/div>\n<input type=\"hidden\" name=\"trp-form-language\" value=\"ca\"\/><\/form>\n<\/div>\n<\/div><\/div><\/div><\/div><div class=\"vc_row wpb_row vc_row-fluid vc_column-gap-35\"><div class=\"wpb_column vc_column_container vc_col-sm-6 vc_hidden-lg\"><div class=\"vc_column-inner\"><div class=\"wpb_wrapper\"><div class=\"boc_spacing\" style=\"height: 90px\"><\/div>\n\t<div  class=\"wpb_single_image wpb_content_element vc_align_center wpb_content_element vc_custom_1651143289860\">\n\t\t\n\t\t<figure class=\"wpb_wrapper vc_figure\">\n\t\t\t<div class=\"vc_single_image-wrapper   vc_box_border_grey\"><img loading=\"lazy\" decoding=\"async\" width=\"1609\" height=\"465\" src=\"https:\/\/kaprixo.com\/wp-content\/uploads\/2022\/04\/Logo_verde.png\" class=\"vc_single_image-img attachment-full\" alt=\"\" title=\"Logo_verd\" srcset=\"https:\/\/kaprixo.com\/wp-content\/uploads\/2022\/04\/Logo_verde.png 1609w, https:\/\/kaprixo.com\/wp-content\/uploads\/2022\/04\/Logo_verde-300x87.png 300w, https:\/\/kaprixo.com\/wp-content\/uploads\/2022\/04\/Logo_verde-1024x296.png 1024w, https:\/\/kaprixo.com\/wp-content\/uploads\/2022\/04\/Logo_verde-768x222.png 768w, https:\/\/kaprixo.com\/wp-content\/uploads\/2022\/04\/Logo_verde-1536x444.png 1536w\" sizes=\"auto, (max-width: 1609px) 100vw, 1609px\" \/><\/div>\n\t\t<\/figure>\n\t<\/div>\n<div class=\"boc_spacing\" style=\"height: 20px\"><\/div>\n\t<div class=\"wpb_text_column wpb_content_element\" >\n\t\t<div class=\"wpb_wrapper\">\n\t\t\t<h2 style=\"text-align: center;\"><span style=\"color: #163e40;\">Delecta&#039;t amb els nostres deliciosos plats<\/span><\/h2>\n\n\t\t<\/div>\n\t<\/div>\n<div class=\"vc_row wpb_row vc_inner vc_row-fluid\"><div class=\"wpb_column vc_column_container vc_col-sm-12\"><div class=\"vc_column-inner\"><div class=\"wpb_wrapper\"><div class=\"boc_spacing\" style=\"height: 50px\"><\/div>\n\t<div class=\"wpb_text_column wpb_content_element\" >\n\t\t<div class=\"wpb_wrapper\">\n\t\t\t<h4><strong>Adre\u00e7a: C\/ Laure\u00e0 Mir\u00f3, 353-357 08950 \u2013 Esplugues de Llobregat, Barcelona<\/strong><\/h4>\n<h4><strong>Tel\u00e8fon: 936 275 201<\/strong><\/h4>\n\n\t\t<\/div>\n\t<\/div>\n<div class=\"boc_spacing\" style=\"height: 45px\"><\/div><div class=\"wpb_gmaps_widget wpb_content_element\"><div class=\"wpb_wrapper\"><div class=\"wpb_map_wraper\"><iframe src=\"https:\/\/www.google.com\/maps\/embed?pb=!1m12!1m8!1m3!1d11974.918396185827!2d2.0788729248535054!3d41.37995919639745!3m2!1i1024!2i768!4f13.1!2m1!1sKaprixo%20Restaurant!5e0!3m2!1ses!2suk!4v1663763899551!5m2!1ses!2suk\" width=\"600\" height=\"320\" style=\"border:0;\" allowfullscreen=\"\" loading=\"lazy\" referrerpolicy=\"no-referrer-when-downgrade\"><\/iframe><\/div><\/div><\/div><\/div><\/div><\/div><\/div><div class=\"boc_spacing\" style=\"height: 60px\"><\/div><\/div><\/div><\/div><div class=\"wpb_column vc_column_container vc_col-sm-6 vc_hidden-lg\"><div class=\"vc_column-inner\"><div class=\"wpb_wrapper\"><div class=\"boc_spacing\" style=\"height: 10px\"><\/div>\n\t<div class=\"wpb_text_column wpb_content_element\" >\n\t\t<div class=\"wpb_wrapper\">\n\t\t\t<h3 style=\"text-align: center; font-weight: bold;\">Podeu contactar-nos a trav\u00e9s del <strong>seg\u00fcent formulari<\/strong><\/h3>\n\n\t\t<\/div>\n\t<\/div>\n<div class=\"boc_spacing\" style=\"height: 30px\"><\/div>\n<div class=\"wpcf7 no-js\" id=\"wpcf7-f159-o2\" lang=\"es-ES\" dir=\"ltr\" data-wpcf7-id=\"159\">\n<div class=\"screen-reader-response\"><p role=\"status\" aria-live=\"polite\" aria-atomic=\"true\"><\/p> <ul><\/ul><\/div>\n<form action=\"\/ca\/wp-json\/wp\/v2\/pages\/112#wpcf7-f159-o2\" method=\"post\" class=\"wpcf7-form init\" aria-label=\"Formulari de contacte\" novalidate=\"novalidate\" data-status=\"init\" data-trp-original-action=\"\/ca\/wp-json\/wp\/v2\/pages\/112#wpcf7-f159-o2\">\n<fieldset class=\"hidden-fields-container\"><input type=\"hidden\" name=\"_wpcf7\" value=\"159\" \/><input type=\"hidden\" name=\"_wpcf7_version\" value=\"6.1.4\" \/><input type=\"hidden\" name=\"_wpcf7_locale\" value=\"es_ES\" \/><input type=\"hidden\" name=\"_wpcf7_unit_tag\" value=\"wpcf7-f159-o2\" \/><input type=\"hidden\" name=\"_wpcf7_container_post\" value=\"0\" \/><input type=\"hidden\" name=\"_wpcf7_posted_data_hash\" value=\"\" \/><input type=\"hidden\" name=\"_wpcf7_recaptcha_response\" value=\"\" \/>\n<\/fieldset>\n<div class=\"uacf7-form-wrapper-container uacf7-form-159\"><label> El teu nom\n    <span class=\"wpcf7-form-control-wrap\" data-name=\"your-name\"><input size=\"40\" maxlength=\"400\" class=\"wpcf7-form-control wpcf7-text wpcf7-validates-as-required\" aria-required=\"true\" aria-invalid=\"false\" value=\"\" type=\"text\" name=\"your-name\" \/><\/span> <\/label>\n\n<label> El teu correu electr\u00f2nic\n    <span class=\"wpcf7-form-control-wrap\" data-name=\"your-email\"><input size=\"40\" maxlength=\"400\" class=\"wpcf7-form-control wpcf7-email wpcf7-validates-as-required wpcf7-text wpcf7-validates-as-email\" aria-required=\"true\" aria-invalid=\"false\" value=\"\" type=\"email\" name=\"your-email\" \/><\/span> <\/label>\n\n<label> Tel\u00e8fon\n    <span class=\"wpcf7-form-control-wrap\" data-name=\"your-subject\"><input size=\"40\" maxlength=\"400\" class=\"wpcf7-form-control wpcf7-text wpcf7-validates-as-required\" aria-required=\"true\" aria-invalid=\"false\" value=\"\" type=\"text\" name=\"your-subject\" \/><\/span> <\/label>\n\n<label> El teu missatge (opcional)\n    <span class=\"wpcf7-form-control-wrap\" data-name=\"your-message\"><textarea cols=\"40\" rows=\"10\" maxlength=\"2000\" class=\"wpcf7-form-control wpcf7-textarea\" aria-invalid=\"false\" name=\"your-message\"><\/textarea><\/span> <\/label>\n\n\n<span class=\"wpcf7-form-control-wrap\" data-name=\"Enviodedatos\"><span class=\"wpcf7-form-control wpcf7-acceptance\"><span class=\"wpcf7-list-item\"><label><input type=\"checkbox\" name=\"Enviodedatos\" value=\"1\" aria-invalid=\"false\" \/><span class=\"wpcf7-list-item-label\">Acceptes l&#039;enviament de dades?<\/span><\/label><\/span><\/span><\/span>\n\n<span class=\"wpcf7-form-control-wrap\" data-name=\"Enviodedatos\"><span class=\"wpcf7-form-control wpcf7-acceptance\"><span class=\"wpcf7-list-item\"><label><input type=\"checkbox\" name=\"Enviodedatos\" value=\"1\" aria-invalid=\"false\" \/><span class=\"wpcf7-list-item-label\">Acceptes la <a href=\"\/ca\/politica-de-privacidad-y-cookies\/\"><strong>pol\u00edtica de privadesa<\/strong><\/a>?<\/span><\/label><\/span><\/span><\/span>\n\n<span id=\"wpcf7-69e34f71c44eb-wrapper\" class=\"wpcf7-form-control-wrap honeypot-794-wrap\" style=\"display:none !important; visibility:hidden !important;\"><input type=\"hidden\" name=\"honeypot-794-time-start\" value=\"1776504689\"><input type=\"hidden\" name=\"honeypot-794-time-check\" value=\"4\"><label for=\"wpcf7-69e34f71c44eb-field\" class=\"hp-message\">Si us plau, deixa aquest camp buit.<\/label><input id=\"wpcf7-69e34f71c44eb-field\"  class=\"wpcf7-form-control wpcf7-text\" type=\"text\" name=\"honeypot-794\" value=\"\" size=\"40\" tabindex=\"-1\" autocomplete=\"new-password\" \/><\/span>\n<input class=\"wpcf7-form-control wpcf7-submit has-spinner\" type=\"submit\" value=\"Enviar\" \/><\/div><div class=\"wpcf7-response-output\" aria-hidden=\"true\"><\/div>\n<input type=\"hidden\" name=\"trp-form-language\" value=\"ca\"\/><\/form>\n<\/div>\n<\/div><\/div><\/div><\/div><div class=\"vc_row wpb_row vc_row-fluid\"><div class=\"wpb_column vc_column_container vc_col-sm-12 vc_hidden-md vc_hidden-sm vc_hidden-xs\"><div class=\"vc_column-inner\"><div class=\"wpb_wrapper\"><div class=\"boc_spacing\" style=\"height: 20px\"><\/div>\n\t<div class=\"wpb_text_column wpb_content_element\" >\n\t\t<div class=\"wpb_wrapper\">\n\t\t\t<h3 style=\"text-align: center; font-size: 22px;\"><span style=\"color: #163e40;\">Segueix-nos a @kaprixo_restaurant<\/span><\/h3>\n\n\t\t<\/div>\n\t<\/div>\n<div class=\"vc_row wpb_row vc_inner vc_row-fluid vc_custom_1651135853404 vc_column-gap-35\"><div class=\"wpb_column vc_column_container vc_col-sm-6\"><div class=\"vc_column-inner\"><div class=\"wpb_wrapper\">\n\t<div  class=\"wpb_single_image wpb_content_element vc_align_center wpb_content_element\">\n\t\t\n\t\t<figure class=\"wpb_wrapper vc_figure\">\n\t\t\t<a href=\"https:\/\/www.instagram.com\/kaprixo_restaurant\/?hl=es\" target=\"_blank\" class=\"vc_single_image-wrapper   vc_box_border_grey\"><img loading=\"lazy\" decoding=\"async\" width=\"349\" height=\"348\" src=\"https:\/\/kaprixo.com\/wp-content\/uploads\/2022\/04\/Icono_insta.png\" class=\"vc_single_image-img attachment-full\" alt=\"\" title=\"Icona_insta\" srcset=\"https:\/\/kaprixo.com\/wp-content\/uploads\/2022\/04\/Icono_insta.png 349w, https:\/\/kaprixo.com\/wp-content\/uploads\/2022\/04\/Icono_insta-300x300.png 300w, https:\/\/kaprixo.com\/wp-content\/uploads\/2022\/04\/Icono_insta-150x150.png 150w\" sizes=\"auto, (max-width: 349px) 100vw, 349px\" \/><\/a>\n\t\t<\/figure>\n\t<\/div>\n<\/div><\/div><\/div><div class=\"wpb_column vc_column_container vc_col-sm-6\"><div class=\"vc_column-inner\"><div class=\"wpb_wrapper\">\n\t<div  class=\"wpb_single_image wpb_content_element vc_align_center wpb_content_element\">\n\t\t\n\t\t<figure class=\"wpb_wrapper vc_figure\">\n\t\t\t<a href=\"https:\/\/www.facebook.com\/Kaprixo_restaurant-108021395198240\" target=\"_blank\" class=\"vc_single_image-wrapper   vc_box_border_grey\"><img loading=\"lazy\" decoding=\"async\" width=\"348\" height=\"349\" src=\"https:\/\/kaprixo.com\/wp-content\/uploads\/2022\/04\/Icono_face.png\" class=\"vc_single_image-img attachment-full\" alt=\"\" title=\"Icona_face\" srcset=\"https:\/\/kaprixo.com\/wp-content\/uploads\/2022\/04\/Icono_face.png 348w, https:\/\/kaprixo.com\/wp-content\/uploads\/2022\/04\/Icono_face-300x300.png 300w, https:\/\/kaprixo.com\/wp-content\/uploads\/2022\/04\/Icono_face-150x150.png 150w\" sizes=\"auto, (max-width: 348px) 100vw, 348px\" \/><\/a>\n\t\t<\/figure>\n\t<\/div>\n<\/div><\/div><\/div><\/div><div class=\"boc_spacing\" style=\"height: 110px\"><\/div><\/div><\/div><\/div><\/div><div class=\"vc_row wpb_row vc_row-fluid\"><div class=\"wpb_column vc_column_container vc_col-sm-12 vc_hidden-lg\"><div class=\"vc_column-inner\"><div class=\"wpb_wrapper\"><div class=\"boc_spacing\" style=\"height: 20px\"><\/div>\n\t<div class=\"wpb_text_column wpb_content_element\" >\n\t\t<div class=\"wpb_wrapper\">\n\t\t\t<h3 style=\"text-align: center; font-size: 22px;\"><span style=\"color: #163e40;\">Segueix-nos a @kaprixo_restaurant<\/span><\/h3>\n\n\t\t<\/div>\n\t<\/div>\n<div class=\"vc_row wpb_row vc_inner vc_row-fluid vc_custom_1651143205989 vc_column-gap-35\"><div class=\"wpb_column vc_column_container vc_col-sm-6\"><div class=\"vc_column-inner\"><div class=\"wpb_wrapper\">\n\t<div  class=\"wpb_single_image wpb_content_element vc_align_center wpb_content_element\">\n\t\t\n\t\t<figure class=\"wpb_wrapper vc_figure\">\n\t\t\t<a href=\"https:\/\/www.instagram.com\/kaprixo_restaurant\/?hl=es\" target=\"_blank\" class=\"vc_single_image-wrapper   vc_box_border_grey\"><img loading=\"lazy\" decoding=\"async\" width=\"349\" height=\"348\" src=\"https:\/\/kaprixo.com\/wp-content\/uploads\/2022\/04\/Icono_insta.png\" class=\"vc_single_image-img attachment-full\" alt=\"\" title=\"Icona_insta\" srcset=\"https:\/\/kaprixo.com\/wp-content\/uploads\/2022\/04\/Icono_insta.png 349w, https:\/\/kaprixo.com\/wp-content\/uploads\/2022\/04\/Icono_insta-300x300.png 300w, https:\/\/kaprixo.com\/wp-content\/uploads\/2022\/04\/Icono_insta-150x150.png 150w\" sizes=\"auto, (max-width: 349px) 100vw, 349px\" \/><\/a>\n\t\t<\/figure>\n\t<\/div>\n<\/div><\/div><\/div><div class=\"wpb_column vc_column_container vc_col-sm-6\"><div class=\"vc_column-inner\"><div class=\"wpb_wrapper\">\n\t<div  class=\"wpb_single_image wpb_content_element vc_align_center wpb_content_element\">\n\t\t\n\t\t<figure class=\"wpb_wrapper vc_figure\">\n\t\t\t<a href=\"https:\/\/www.facebook.com\/Kaprixo_restaurant-108021395198240\" target=\"_blank\" class=\"vc_single_image-wrapper   vc_box_border_grey\"><img loading=\"lazy\" decoding=\"async\" width=\"348\" height=\"349\" src=\"https:\/\/kaprixo.com\/wp-content\/uploads\/2022\/04\/Icono_face.png\" class=\"vc_single_image-img attachment-full\" alt=\"\" title=\"Icona_face\" srcset=\"https:\/\/kaprixo.com\/wp-content\/uploads\/2022\/04\/Icono_face.png 348w, https:\/\/kaprixo.com\/wp-content\/uploads\/2022\/04\/Icono_face-300x300.png 300w, https:\/\/kaprixo.com\/wp-content\/uploads\/2022\/04\/Icono_face-150x150.png 150w\" sizes=\"auto, (max-width: 348px) 100vw, 348px\" \/><\/a>\n\t\t<\/figure>\n\t<\/div>\n<\/div><\/div><\/div><\/div><div class=\"boc_spacing\" style=\"height: 110px\"><\/div><\/div><\/div><\/div><\/div><div data-vc-full-width=\"true\" data-vc-full-width-temp=\"true\" data-vc-full-width-init=\"false\" data-vc-stretch-content=\"true\" class=\"vc_row wpb_row vc_row-fluid vc_row-no-padding\"><div class=\"wpb_column vc_column_container vc_col-sm-12\"><div class=\"vc_column-inner\"><div class=\"wpb_wrapper\"><div class=\"grid_holder mfp_gallery  no_spacing\" id=\"img_gallery_82b220a3a83f906b1bfd4bbb2672e5ca\"><div class=\"col span_1_of_5 info_item isotope_element\">\n\t\t\t\t\t\t\t<div class=\"pic  img_hover_effect3\">\t\t\t\n\t\t\t\t\t\t\t<a href=\"https:\/\/kaprixo.com\/wp-content\/uploads\/2022\/09\/FOTOS-WEB-KAPRIXO.jpg\" class=\"mfp_popup_gal\" title=\"\">\n\t\t\t\t\t\t\t\t<img decoding=\"async\" src=\"https:\/\/kaprixo.com\/wp-content\/uploads\/2022\/09\/FOTOS-WEB-KAPRIXO-600x380.jpg\" alt=\"\" \/>\n\t\t\t\t\t\t\t\t\n\t\t\t\t\t\t\t<\/a>\t<\/div><\/div><div class=\"col span_1_of_5 info_item isotope_element\">\n\t\t\t\t\t\t\t<div class=\"pic  img_hover_effect3\">\t\t\t\n\t\t\t\t\t\t\t<a href=\"https:\/\/kaprixo.com\/wp-content\/uploads\/2022\/09\/platos-kaprixo-2-2.jpg\" class=\"mfp_popup_gal\" title=\"\">\n\t\t\t\t\t\t\t\t<img decoding=\"async\" src=\"https:\/\/kaprixo.com\/wp-content\/uploads\/2022\/09\/platos-kaprixo-2-2-600x380.jpg\" alt=\"\" \/>\n\t\t\t\t\t\t\t\t\n\t\t\t\t\t\t\t<\/a>\t<\/div><\/div><div class=\"col span_1_of_5 info_item isotope_element\">\n\t\t\t\t\t\t\t<div class=\"pic  img_hover_effect3\">\t\t\t\n\t\t\t\t\t\t\t<a href=\"https:\/\/kaprixo.com\/wp-content\/uploads\/2022\/09\/platos-kaprixo-1-2.jpg\" class=\"mfp_popup_gal\" title=\"\">\n\t\t\t\t\t\t\t\t<img decoding=\"async\" src=\"https:\/\/kaprixo.com\/wp-content\/uploads\/2022\/09\/platos-kaprixo-1-2-600x380.jpg\" alt=\"\" \/>\n\t\t\t\t\t\t\t\t\n\t\t\t\t\t\t\t<\/a>\t<\/div><\/div><div class=\"col span_1_of_5 info_item isotope_element\">\n\t\t\t\t\t\t\t<div class=\"pic  img_hover_effect3\">\t\t\t\n\t\t\t\t\t\t\t<a href=\"https:\/\/kaprixo.com\/wp-content\/uploads\/2022\/09\/platos-kaprixo-1-1.jpg\" class=\"mfp_popup_gal\" title=\"\">\n\t\t\t\t\t\t\t\t<img decoding=\"async\" src=\"https:\/\/kaprixo.com\/wp-content\/uploads\/2022\/09\/platos-kaprixo-1-1-600x380.jpg\" alt=\"\" \/>\n\t\t\t\t\t\t\t\t\n\t\t\t\t\t\t\t<\/a>\t<\/div><\/div><div class=\"col span_1_of_5 info_item isotope_element\">\n\t\t\t\t\t\t\t<div class=\"pic  img_hover_effect3\">\t\t\t\n\t\t\t\t\t\t\t<a href=\"https:\/\/kaprixo.com\/wp-content\/uploads\/2022\/09\/FOTOS-WEB-KAPRIXO1.jpg\" class=\"mfp_popup_gal\" title=\"\">\n\t\t\t\t\t\t\t\t<img decoding=\"async\" src=\"https:\/\/kaprixo.com\/wp-content\/uploads\/2022\/09\/FOTOS-WEB-KAPRIXO1-600x380.jpg\" alt=\"\" \/>\n\t\t\t\t\t\t\t\t\n\t\t\t\t\t\t\t<\/a>\t<\/div><\/div><\/div><\/div><\/div><\/div><\/div><div class=\"vc_row-full-width vc_clearfix\"><\/div>\n<\/div>","protected":false},"excerpt":{"rendered":"Contacte Delecta&#039;t amb els nostres deliciosos plats Adre\u00e7a: C\/ Laure\u00e0 Mir\u00f3, 353-357 08950 - Esplugues de Llobregat, Barcelona Tel\u00e8fon: 936 275 201 Pot contactar-nos a trav\u00e9s del seg\u00fcent formulari El teu nom El teu correu electr\u00f2nic Tel\u00e8fon El teu missatge (opcional) Acceptes l&#039;enviament de dades? Acceptes la pol\u00edtica de privadesa? Si us plau, deixa aquest camp buit. Delecta&#039;t amb els nostres deliciosos plats Adre\u00e7a: C\/<div class=\"h10\"><\/div><a class=\"more-link1\" href=\"https:\/\/kaprixo.com\/ca\/contacto\/\">Read more<\/a>","protected":false},"author":1,"featured_media":0,"parent":0,"menu_order":0,"comment_status":"closed","ping_status":"closed","template":"","meta":{"footnotes":""},"class_list":["post-112","page","type-page","status-publish","hentry"],"_links":{"self":[{"href":"https:\/\/kaprixo.com\/ca\/wp-json\/wp\/v2\/pages\/112","targetHints":{"allow":["GET"]}}],"collection":[{"href":"https:\/\/kaprixo.com\/ca\/wp-json\/wp\/v2\/pages"}],"about":[{"href":"https:\/\/kaprixo.com\/ca\/wp-json\/wp\/v2\/types\/page"}],"author":[{"embeddable":true,"href":"https:\/\/kaprixo.com\/ca\/wp-json\/wp\/v2\/users\/1"}],"replies":[{"embeddable":true,"href":"https:\/\/kaprixo.com\/ca\/wp-json\/wp\/v2\/comments?post=112"}],"version-history":[{"count":49,"href":"https:\/\/kaprixo.com\/ca\/wp-json\/wp\/v2\/pages\/112\/revisions"}],"predecessor-version":[{"id":655,"href":"https:\/\/kaprixo.com\/ca\/wp-json\/wp\/v2\/pages\/112\/revisions\/655"}],"wp:attachment":[{"href":"https:\/\/kaprixo.com\/ca\/wp-json\/wp\/v2\/media?parent=112"}],"curies":[{"name":"wp","href":"https:\/\/api.w.org\/{rel}","templated":true}]}}