{"id":106,"date":"2022-04-26T09:51:00","date_gmt":"2022-04-26T09:51:00","guid":{"rendered":"https:\/\/kaprixo.com\/?page_id=106"},"modified":"2026-04-07T10:54:45","modified_gmt":"2026-04-07T10:54:45","slug":"restaurante","status":"publish","type":"page","link":"https:\/\/kaprixo.com\/ca\/restaurante\/","title":{"rendered":"Restaurant"},"content":{"rendered":"<div class=\"wpb-content-wrapper\"><div data-vc-full-width=\"true\" data-vc-full-width-temp=\"true\" data-vc-full-width-init=\"false\" data-vc-stretch-content=\"true\" class=\"vc_row wpb_row vc_row-fluid vc_custom_1650967142902 vc_row-has-fill vc_row-no-padding\"><div class=\"wpb_column vc_column_container vc_col-sm-12\"><div class=\"vc_column-inner\"><div class=\"wpb_wrapper\"><div class=\"boc_spacing\" style=\"height: 260px\"><\/div>\n\t<div class=\"wpb_text_column wpb_content_element\" >\n\t\t<div class=\"wpb_wrapper\">\n\t\t\t<h1 style=\"text-align: center; font-size: 22px;\"><span style=\"color: #ffffff;\">Restaurant<\/span><\/h1>\n\n\t\t<\/div>\n\t<\/div>\n<div class=\"boc_spacing\" style=\"height: 20px\"><\/div><\/div><\/div><\/div><\/div><div class=\"vc_row-full-width vc_clearfix\"><\/div><div class=\"vc_row wpb_row vc_row-fluid\"><div class=\"wpb_column vc_column_container vc_col-sm-12 vc_hidden-md vc_hidden-sm vc_hidden-xs\"><div class=\"vc_column-inner\"><div class=\"wpb_wrapper\"><div class=\"boc_spacing\" style=\"height: 120px\"><\/div>\n\t<div  class=\"wpb_single_image wpb_content_element vc_align_center wpb_content_element vc_custom_1651832841445\">\n\t\t\n\t\t<figure class=\"wpb_wrapper vc_figure\">\n\t\t\t<div class=\"vc_single_image-wrapper   vc_box_border_grey\"><img loading=\"lazy\" decoding=\"async\" width=\"1609\" height=\"465\" src=\"https:\/\/kaprixo.com\/wp-content\/uploads\/2022\/04\/Logo_verde.png\" class=\"vc_single_image-img attachment-full\" alt=\"\" title=\"Logo_verd\" srcset=\"https:\/\/kaprixo.com\/wp-content\/uploads\/2022\/04\/Logo_verde.png 1609w, https:\/\/kaprixo.com\/wp-content\/uploads\/2022\/04\/Logo_verde-300x87.png 300w, https:\/\/kaprixo.com\/wp-content\/uploads\/2022\/04\/Logo_verde-1024x296.png 1024w, https:\/\/kaprixo.com\/wp-content\/uploads\/2022\/04\/Logo_verde-768x222.png 768w, https:\/\/kaprixo.com\/wp-content\/uploads\/2022\/04\/Logo_verde-1536x444.png 1536w\" sizes=\"auto, (max-width: 1609px) 100vw, 1609px\" \/><\/div>\n\t\t<\/figure>\n\t<\/div>\n<div class=\"boc_spacing\" style=\"height: 20px\"><\/div>\n\t<div class=\"wpb_text_column wpb_content_element\" >\n\t\t<div class=\"wpb_wrapper\">\n\t\t\t<h2 style=\"text-align: center;\"><span style=\"color: #163e40;\">Vine a degustar els nostres deliciosos plats<\/span><\/h2>\n\n\t\t<\/div>\n\t<\/div>\n<div class=\"vc_row wpb_row vc_inner vc_row-fluid\"><div class=\"botones wpb_column vc_column_container vc_col-sm-12\"><div class=\"vc_column-inner\"><div class=\"wpb_wrapper\"><div class=\"boc_spacing\" style=\"height: 20px\"><\/div><a\thref=\"\/ca\/reservas\/\" \n\t\t\t\tclass=\"button btn_huge btn_theme_color btn_squared btn_outline\"  target='_self'><span>Reservar<\/span><\/a><\/div><\/div><\/div><\/div><div class=\"boc_spacing\" style=\"height: 120px\"><\/div><\/div><\/div><\/div><\/div><div class=\"vc_row wpb_row vc_row-fluid\"><div class=\"wpb_column vc_column_container vc_col-sm-12 vc_hidden-lg\"><div class=\"vc_column-inner\"><div class=\"wpb_wrapper\"><div class=\"boc_spacing\" style=\"height: 120px\"><\/div>\n\t<div  class=\"wpb_single_image wpb_content_element vc_align_center wpb_content_element vc_custom_1651833040931\">\n\t\t\n\t\t<figure class=\"wpb_wrapper vc_figure\">\n\t\t\t<div class=\"vc_single_image-wrapper   vc_box_border_grey\"><img loading=\"lazy\" decoding=\"async\" width=\"1609\" height=\"465\" src=\"https:\/\/kaprixo.com\/wp-content\/uploads\/2022\/04\/Logo_verde.png\" class=\"vc_single_image-img attachment-full\" alt=\"\" title=\"Logo_verd\" srcset=\"https:\/\/kaprixo.com\/wp-content\/uploads\/2022\/04\/Logo_verde.png 1609w, https:\/\/kaprixo.com\/wp-content\/uploads\/2022\/04\/Logo_verde-300x87.png 300w, https:\/\/kaprixo.com\/wp-content\/uploads\/2022\/04\/Logo_verde-1024x296.png 1024w, https:\/\/kaprixo.com\/wp-content\/uploads\/2022\/04\/Logo_verde-768x222.png 768w, https:\/\/kaprixo.com\/wp-content\/uploads\/2022\/04\/Logo_verde-1536x444.png 1536w\" sizes=\"auto, (max-width: 1609px) 100vw, 1609px\" \/><\/div>\n\t\t<\/figure>\n\t<\/div>\n<div class=\"boc_spacing\" style=\"height: 20px\"><\/div>\n\t<div class=\"wpb_text_column wpb_content_element\" >\n\t\t<div class=\"wpb_wrapper\">\n\t\t\t<h2 style=\"text-align: center;\"><span style=\"color: #163e40;\">Vine a degustar els nostres deliciosos plats<\/span><\/h2>\n\n\t\t<\/div>\n\t<\/div>\n<div class=\"vc_row wpb_row vc_inner vc_row-fluid\"><div class=\"botones wpb_column vc_column_container vc_col-sm-12\"><div class=\"vc_column-inner\"><div class=\"wpb_wrapper\"><div class=\"boc_spacing\" style=\"height: 20px\"><\/div><a\thref=\"\/ca\/reservas\/\" \n\t\t\t\tclass=\"button btn_huge btn_theme_color btn_squared btn_outline\"  target='_self'><span>Reservar<\/span><\/a><\/div><\/div><\/div><\/div><div class=\"boc_spacing\" style=\"height: 120px\"><\/div><\/div><\/div><\/div><\/div><div data-vc-full-width=\"true\" data-vc-full-width-temp=\"true\" data-vc-full-width-init=\"false\" data-vc-stretch-content=\"true\" class=\"vc_row wpb_row vc_row-fluid vc_custom_1653043801296 vc_row-has-fill vc_column-gap-35 vc_row-no-padding\"><div class=\"wpb_column vc_column_container vc_col-sm-6 vc_hidden-md vc_hidden-sm vc_hidden-xs\"><div class=\"vc_column-inner\"><div class=\"wpb_wrapper\"><\/div><\/div><\/div><div class=\"wpb_column vc_column_container vc_col-sm-6 vc_hidden-md vc_hidden-sm vc_hidden-xs\"><div class=\"vc_column-inner\"><div class=\"wpb_wrapper\"><div class=\"boc_spacing\" style=\"height: 50px\"><\/div>\n\t<div class=\"wpb_text_column wpb_content_element vc_custom_1651833544480\" >\n\t\t<div class=\"wpb_wrapper\">\n\t\t\t<h3><span style=\"color: #ffffff;\">La nostra cuina<\/span><\/h3>\n<hr \/>\n<p><span style=\"color: #ffffff;\">Hem creat una carta amb plats que combinen l&#039;autenticitat de tota la vida amb tocs d&#039;originalitat de la cuina creativa i d&#039;avantguarda. Simplicitat i complexitat a parts iguals defineixen les nostres creacions. <\/span><\/p>\n\n\t\t<\/div>\n\t<\/div>\n<div class=\"boc_spacing\" style=\"height: 50px\"><\/div><\/div><\/div><\/div><\/div><div class=\"vc_row-full-width vc_clearfix\"><\/div><div data-vc-full-width=\"true\" data-vc-full-width-temp=\"true\" data-vc-full-width-init=\"false\" data-vc-stretch-content=\"true\" class=\"vc_row wpb_row vc_row-fluid vc_custom_1653043818379 vc_row-has-fill vc_column-gap-35 vc_row-no-padding\"><div class=\"wpb_column vc_column_container vc_col-sm-12 vc_hidden-lg\"><div class=\"vc_column-inner\"><div class=\"wpb_wrapper\"><div class=\"boc_spacing\" style=\"height: 150px\"><\/div><div class=\"vc_row wpb_row vc_inner vc_row-fluid vc_custom_1653376763972 vc_row-has-fill\"><div class=\"wpb_column vc_column_container vc_col-sm-12\"><div class=\"vc_column-inner\"><div class=\"wpb_wrapper\">\n\t<div class=\"wpb_text_column wpb_content_element vc_custom_1651833553664\" >\n\t\t<div class=\"wpb_wrapper\">\n\t\t\t<h3><span style=\"color: #ffffff;\">La nostra cuina<\/span><\/h3>\n<hr \/>\n<p style=\"text-align: justify;\"><span style=\"color: #ffffff;\">Hem creat una carta amb plats que combinen l&#039;autenticitat de tota la vida amb tocs d&#039;originalitat de la cuina creativa i d&#039;avantguarda. Simplicitat i complexitat a parts iguals defineixen les nostres creacions. <\/span><\/p>\n\n\t\t<\/div>\n\t<\/div>\n<\/div><\/div><\/div><\/div><\/div><\/div><\/div><\/div><div class=\"vc_row-full-width vc_clearfix\"><\/div><div data-vc-full-width=\"true\" data-vc-full-width-temp=\"true\" data-vc-full-width-init=\"false\" data-vc-stretch-content=\"true\" class=\"vc_row wpb_row vc_row-fluid vc_row-no-padding vc_row-o-equal-height vc_row-flex\"><div class=\"wpb_column vc_column_container vc_col-sm-4 vc_hidden-md vc_hidden-sm vc_hidden-xs vc_col-has-fill\"><div class=\"vc_column-inner vc_custom_1663753113730\"><div class=\"wpb_wrapper\"><div class=\"boc_spacing\" style=\"height: 60px\"><\/div>\n\t<div  class=\"wpb_single_image wpb_content_element vc_align_right wpb_content_element\">\n\t\t\n\t\t<figure class=\"wpb_wrapper vc_figure\">\n\t\t\t<div class=\"vc_single_image-wrapper   vc_box_border_grey\"><img loading=\"lazy\" decoding=\"async\" width=\"1080\" height=\"1920\" src=\"https:\/\/kaprixo.com\/wp-content\/uploads\/2022\/09\/ciervo-e1663749389232.png\" class=\"vc_single_image-img attachment-full\" alt=\"\" title=\"c\u00e9rvol\" srcset=\"https:\/\/kaprixo.com\/wp-content\/uploads\/2022\/09\/ciervo-e1663749389232.png 1080w, https:\/\/kaprixo.com\/wp-content\/uploads\/2022\/09\/ciervo-e1663749389232-169x300.png 169w, https:\/\/kaprixo.com\/wp-content\/uploads\/2022\/09\/ciervo-e1663749389232-576x1024.png 576w, https:\/\/kaprixo.com\/wp-content\/uploads\/2022\/09\/ciervo-e1663749389232-768x1365.png 768w, https:\/\/kaprixo.com\/wp-content\/uploads\/2022\/09\/ciervo-e1663749389232-864x1536.png 864w\" sizes=\"auto, (max-width: 1080px) 100vw, 1080px\" \/><\/div>\n\t\t<\/figure>\n\t<\/div>\n<\/div><\/div><\/div><div class=\"wpb_column vc_column_container vc_col-sm-4 vc_hidden-md vc_hidden-sm vc_hidden-xs\"><div class=\"vc_column-inner\"><div class=\"wpb_wrapper\"><div class=\"boc_spacing\" style=\"height: 180px\"><\/div>\n\t<div  class=\"wpb_single_image wpb_content_element vc_align_center wpb_content_element vc_custom_1650965886787\">\n\t\t\n\t\t<figure class=\"wpb_wrapper vc_figure\">\n\t\t\t<div class=\"vc_single_image-wrapper   vc_box_border_grey\"><img loading=\"lazy\" decoding=\"async\" width=\"418\" height=\"481\" src=\"https:\/\/kaprixo.com\/wp-content\/uploads\/2022\/04\/Logo_KR.png\" class=\"vc_single_image-img attachment-full\" alt=\"\" title=\"Logo_KR\" srcset=\"https:\/\/kaprixo.com\/wp-content\/uploads\/2022\/04\/Logo_KR.png 418w, https:\/\/kaprixo.com\/wp-content\/uploads\/2022\/04\/Logo_KR-261x300.png 261w\" sizes=\"auto, (max-width: 418px) 100vw, 418px\" \/><\/div>\n\t\t<\/figure>\n\t<\/div>\n<div class=\"boc_spacing\" style=\"height: 40px\"><\/div><div class=\"vc_row wpb_row vc_inner vc_row-fluid\"><div class=\"botones wpb_column vc_column_container vc_col-sm-6\"><div class=\"vc_column-inner\"><div class=\"wpb_wrapper\"><a\thref=\"https:\/\/kaprixo.com\/wp-content\/uploads\/2025\/10\/CARTA-OK_KAPRIXO_NEW.pdf\" \n\t\t\t\tclass=\"button btn_huge btn_theme_color btn_squared btn_outline\"  target='_blank'><span>Carta en castell\u00e0<\/span><\/a><a\thref=\"https:\/\/kaprixo.com\/wp-content\/uploads\/2025\/10\/CARTA-CAT_WEB.pdf\" \n\t\t\t\tclass=\"button btn_huge btn_theme_color btn_squared btn_outline\"  target='_blank'><span>Carta en catal\u00e0<\/span><\/a><\/div><\/div><\/div><div class=\"botones wpb_column vc_column_container vc_col-sm-6\"><div class=\"vc_column-inner\"><div class=\"wpb_wrapper\"><a\thref=\"https:\/\/kaprixo.com\/wp-content\/uploads\/2026\/04\/MENU-DIARIO-5.pdf\" \n\t\t\t\tclass=\"button btn_huge btn_theme_color btn_squared btn_outline\"  target='_blank'><span>Men\u00fa mig dia<\/span><\/a><\/div><\/div><\/div><\/div><div class=\"boc_spacing\" style=\"height: 180px\"><\/div><\/div><\/div><\/div><div class=\"wpb_column vc_column_container vc_col-sm-4 vc_hidden-md vc_hidden-sm vc_hidden-xs vc_col-has-fill\"><div class=\"vc_column-inner vc_custom_1663752933822\"><div class=\"wpb_wrapper\"><div class=\"boc_spacing\" style=\"height: 80px\"><\/div>\n\t<div  class=\"wpb_single_image wpb_content_element vc_align_right wpb_content_element\">\n\t\t\n\t\t<figure class=\"wpb_wrapper vc_figure\">\n\t\t\t<div class=\"vc_single_image-wrapper   vc_box_border_grey\"><img loading=\"lazy\" decoding=\"async\" width=\"1080\" height=\"1920\" src=\"https:\/\/kaprixo.com\/wp-content\/uploads\/2022\/09\/cabra2-e1663749914665.png\" class=\"vc_single_image-img attachment-full\" alt=\"\" title=\"cabra2\" srcset=\"https:\/\/kaprixo.com\/wp-content\/uploads\/2022\/09\/cabra2-e1663749914665.png 1080w, https:\/\/kaprixo.com\/wp-content\/uploads\/2022\/09\/cabra2-e1663749914665-169x300.png 169w, https:\/\/kaprixo.com\/wp-content\/uploads\/2022\/09\/cabra2-e1663749914665-576x1024.png 576w, https:\/\/kaprixo.com\/wp-content\/uploads\/2022\/09\/cabra2-e1663749914665-768x1365.png 768w, https:\/\/kaprixo.com\/wp-content\/uploads\/2022\/09\/cabra2-e1663749914665-864x1536.png 864w\" sizes=\"auto, (max-width: 1080px) 100vw, 1080px\" \/><\/div>\n\t\t<\/figure>\n\t<\/div>\n<\/div><\/div><\/div><\/div><div class=\"vc_row-full-width vc_clearfix\"><\/div><div data-vc-full-width=\"true\" data-vc-full-width-temp=\"true\" data-vc-full-width-init=\"false\" data-vc-stretch-content=\"true\" class=\"vc_row wpb_row vc_row-fluid vc_row-no-padding vc_row-o-equal-height vc_row-flex\"><div class=\"wpb_column vc_column_container vc_col-sm-4 vc_hidden-lg vc_col-has-fill\"><div class=\"vc_column-inner vc_custom_1651141925506\"><div class=\"wpb_wrapper\"><div class=\"boc_spacing\" style=\"height: 140px\"><\/div><\/div><\/div><\/div><div class=\"wpb_column vc_column_container vc_col-sm-4 vc_hidden-lg\"><div class=\"vc_column-inner\"><div class=\"wpb_wrapper\">\n\t<div  class=\"wpb_single_image wpb_content_element vc_align_center wpb_content_element vc_custom_1651142081006\">\n\t\t\n\t\t<figure class=\"wpb_wrapper vc_figure\">\n\t\t\t<div class=\"vc_single_image-wrapper   vc_box_border_grey\"><img loading=\"lazy\" decoding=\"async\" width=\"418\" height=\"481\" src=\"https:\/\/kaprixo.com\/wp-content\/uploads\/2022\/04\/Logo_KR.png\" class=\"vc_single_image-img attachment-full\" alt=\"\" title=\"Logo_KR\" srcset=\"https:\/\/kaprixo.com\/wp-content\/uploads\/2022\/04\/Logo_KR.png 418w, https:\/\/kaprixo.com\/wp-content\/uploads\/2022\/04\/Logo_KR-261x300.png 261w\" sizes=\"auto, (max-width: 418px) 100vw, 418px\" \/><\/div>\n\t\t<\/figure>\n\t<\/div>\n<div class=\"boc_spacing\" style=\"height: 40px\"><\/div><div class=\"vc_row wpb_row vc_inner vc_row-fluid\"><div class=\"botones wpb_column vc_column_container vc_col-sm-6\"><div class=\"vc_column-inner\"><div class=\"wpb_wrapper\"><a\thref=\"https:\/\/kaprixo.com\/wp-content\/uploads\/2025\/10\/CARTA-OK_KAPRIXO_NEW.pdf\" \n\t\t\t\tclass=\"button btn_huge btn_theme_color btn_squared btn_outline\"  target='_blank'><span>Carta en castell\u00e0<\/span><\/a><a\thref=\"https:\/\/kaprixo.com\/wp-content\/uploads\/2025\/10\/CARTA-CAT_WEB.pdf\" \n\t\t\t\tclass=\"button btn_huge btn_theme_color btn_squared btn_outline\"  target='_blank'><span>Carta en catal\u00e0<\/span><\/a><div class=\"boc_spacing\" style=\"height: 20px\"><\/div><\/div><\/div><\/div><div class=\"botones wpb_column vc_column_container vc_col-sm-6\"><div class=\"vc_column-inner\"><div class=\"wpb_wrapper\"><a\thref=\"https:\/\/kaprixo.com\/wp-content\/uploads\/2026\/04\/MENU-DIARIO-5.pdf\" \n\t\t\t\tclass=\"button btn_huge btn_theme_color btn_squared btn_outline\"  target='_blank'><span>Men\u00fa mig dia<\/span><\/a><\/div><\/div><\/div><\/div><div class=\"boc_spacing\" style=\"height: 20px\"><\/div><\/div><\/div><\/div><div class=\"wpb_column vc_column_container vc_col-sm-4 vc_hidden-lg vc_col-has-fill\"><div class=\"vc_column-inner vc_custom_1651141929141\"><div class=\"wpb_wrapper\"><div class=\"boc_spacing\" style=\"height: 140px\"><\/div><\/div><\/div><\/div><\/div><div class=\"vc_row-full-width vc_clearfix\"><\/div><div data-vc-full-width=\"true\" data-vc-full-width-temp=\"true\" data-vc-full-width-init=\"false\" data-vc-stretch-content=\"true\" class=\"vc_row wpb_row vc_row-fluid vc_custom_1653043839702 vc_row-has-fill vc_column-gap-35 vc_row-no-padding\"><div class=\"wpb_column vc_column_container vc_col-sm-6 vc_hidden-md vc_hidden-sm vc_hidden-xs\"><div class=\"vc_column-inner\"><div class=\"wpb_wrapper\"><div class=\"boc_spacing\" style=\"height: 50px\"><\/div>\n\t<div class=\"wpb_text_column wpb_content_element vc_custom_1651131371645\" >\n\t\t<div class=\"wpb_wrapper\">\n\t\t\t<h3 style=\"text-align: right;\"><span style=\"color: #ffffff;\">Desconnectar per reconnectar<\/span><\/h3>\n<hr \/>\n<p style=\"text-align: right;\"><span style=\"color: #ffffff;\">Per perdre&#039;s i trobar-se novament gaudint de tots els matisos del nostre restaurant, en tots els sentits, convertint espai, colors i sabors en una aut\u00e8ntica experi\u00e8ncia. Un ambient \u00fanic per compartir.<\/span><\/p>\n\n\t\t<\/div>\n\t<\/div>\n<div class=\"boc_spacing\" style=\"height: 50px\"><\/div><\/div><\/div><\/div><div class=\"wpb_column vc_column_container vc_col-sm-6 vc_hidden-md vc_hidden-sm vc_hidden-xs\"><div class=\"vc_column-inner\"><div class=\"wpb_wrapper\"><\/div><\/div><\/div><\/div><div class=\"vc_row-full-width vc_clearfix\"><\/div><div data-vc-full-width=\"true\" data-vc-full-width-temp=\"true\" data-vc-full-width-init=\"false\" data-vc-stretch-content=\"true\" class=\"vc_row wpb_row vc_row-fluid vc_custom_1653043856663 vc_row-has-fill vc_column-gap-35 vc_row-no-padding\"><div class=\"wpb_column vc_column_container vc_col-sm-12 vc_hidden-lg\"><div class=\"vc_column-inner\"><div class=\"wpb_wrapper\"><div class=\"boc_spacing\" style=\"height: 150px\"><\/div><div class=\"vc_row wpb_row vc_inner vc_row-fluid vc_custom_1653376774731 vc_row-has-fill\"><div class=\"wpb_column vc_column_container vc_col-sm-12\"><div class=\"vc_column-inner\"><div class=\"wpb_wrapper\">\n\t<div class=\"wpb_text_column wpb_content_element vc_custom_1651230790074\" >\n\t\t<div class=\"wpb_wrapper\">\n\t\t\t<h3 style=\"text-align: left;\"><span style=\"color: #ffffff;\">Desconnectar per reconnectar<\/span><\/h3>\n<hr \/>\n<p style=\"text-align: justify;\"><span style=\"color: #ffffff;\">Per perdre&#039;s i trobar-se novament gaudint de tots els matisos del nostre restaurant, en tots els sentits, convertint espai, colors i sabors en una aut\u00e8ntica experi\u00e8ncia. Un ambient \u00fanic per compartir.<\/span><\/p>\n\n\t\t<\/div>\n\t<\/div>\n<\/div><\/div><\/div><\/div><\/div><\/div><\/div><\/div><div class=\"vc_row-full-width vc_clearfix\"><\/div><div class=\"vc_row wpb_row vc_row-fluid\"><div class=\"wpb_column vc_column_container vc_col-sm-12 vc_hidden-md vc_hidden-sm vc_hidden-xs\"><div class=\"vc_column-inner\"><div class=\"wpb_wrapper\"><div class=\"boc_spacing\" style=\"height: 100px\"><\/div>\n\t<div class=\"wpb_text_column wpb_content_element\" >\n\t\t<div class=\"wpb_wrapper\">\n\t\t\t<h3 style=\"text-align: center; font-size: 22px;\"><span style=\"color: #163e40;\">Segueix-nos a @kaprixo_restaurant<\/span><\/h3>\n\n\t\t<\/div>\n\t<\/div>\n<div class=\"vc_row wpb_row vc_inner vc_row-fluid vc_custom_1651134795578 vc_column-gap-35\"><div class=\"wpb_column vc_column_container vc_col-sm-6\"><div class=\"vc_column-inner\"><div class=\"wpb_wrapper\">\n\t<div  class=\"wpb_single_image wpb_content_element vc_align_center wpb_content_element\">\n\t\t\n\t\t<figure class=\"wpb_wrapper vc_figure\">\n\t\t\t<a href=\"https:\/\/www.instagram.com\/kaprixo_restaurant\/?hl=es\" target=\"_blank\" class=\"vc_single_image-wrapper   vc_box_border_grey\"><img loading=\"lazy\" decoding=\"async\" width=\"349\" height=\"348\" src=\"https:\/\/kaprixo.com\/wp-content\/uploads\/2022\/04\/Icono_insta.png\" class=\"vc_single_image-img attachment-full\" alt=\"\" title=\"Icona_insta\" srcset=\"https:\/\/kaprixo.com\/wp-content\/uploads\/2022\/04\/Icono_insta.png 349w, https:\/\/kaprixo.com\/wp-content\/uploads\/2022\/04\/Icono_insta-300x300.png 300w, https:\/\/kaprixo.com\/wp-content\/uploads\/2022\/04\/Icono_insta-150x150.png 150w\" sizes=\"auto, (max-width: 349px) 100vw, 349px\" \/><\/a>\n\t\t<\/figure>\n\t<\/div>\n<\/div><\/div><\/div><div class=\"wpb_column vc_column_container vc_col-sm-6\"><div class=\"vc_column-inner\"><div class=\"wpb_wrapper\">\n\t<div  class=\"wpb_single_image wpb_content_element vc_align_center wpb_content_element\">\n\t\t\n\t\t<figure class=\"wpb_wrapper vc_figure\">\n\t\t\t<a href=\"https:\/\/www.facebook.com\/Kaprixo_restaurant-108021395198240\" target=\"_blank\" class=\"vc_single_image-wrapper   vc_box_border_grey\"><img loading=\"lazy\" decoding=\"async\" width=\"348\" height=\"349\" src=\"https:\/\/kaprixo.com\/wp-content\/uploads\/2022\/04\/Icono_face.png\" class=\"vc_single_image-img attachment-full\" alt=\"\" title=\"Icona_face\" srcset=\"https:\/\/kaprixo.com\/wp-content\/uploads\/2022\/04\/Icono_face.png 348w, https:\/\/kaprixo.com\/wp-content\/uploads\/2022\/04\/Icono_face-300x300.png 300w, https:\/\/kaprixo.com\/wp-content\/uploads\/2022\/04\/Icono_face-150x150.png 150w\" sizes=\"auto, (max-width: 348px) 100vw, 348px\" \/><\/a>\n\t\t<\/figure>\n\t<\/div>\n<\/div><\/div><\/div><\/div><div class=\"boc_spacing\" style=\"height: 100px\"><\/div><\/div><\/div><\/div><\/div><div class=\"vc_row wpb_row vc_row-fluid\"><div class=\"wpb_column vc_column_container vc_col-sm-12 vc_hidden-lg\"><div class=\"vc_column-inner\"><div class=\"wpb_wrapper\"><div class=\"boc_spacing\" style=\"height: 100px\"><\/div>\n\t<div class=\"wpb_text_column wpb_content_element\" >\n\t\t<div class=\"wpb_wrapper\">\n\t\t\t<h3 style=\"text-align: center; font-size: 22px;\"><span style=\"color: #163e40;\">Segueix-nos a @kaprixo_restaurant<\/span><\/h3>\n\n\t\t<\/div>\n\t<\/div>\n<div class=\"vc_row wpb_row vc_inner vc_row-fluid vc_custom_1651142209230 vc_column-gap-35\"><div class=\"wpb_column vc_column_container vc_col-sm-6\"><div class=\"vc_column-inner\"><div class=\"wpb_wrapper\">\n\t<div  class=\"wpb_single_image wpb_content_element vc_align_center wpb_content_element\">\n\t\t\n\t\t<figure class=\"wpb_wrapper vc_figure\">\n\t\t\t<a href=\"https:\/\/www.instagram.com\/kaprixo_restaurant\/?hl=es\" target=\"_blank\" class=\"vc_single_image-wrapper   vc_box_border_grey\"><img loading=\"lazy\" decoding=\"async\" width=\"349\" height=\"348\" src=\"https:\/\/kaprixo.com\/wp-content\/uploads\/2022\/04\/Icono_insta.png\" class=\"vc_single_image-img attachment-full\" alt=\"\" title=\"Icona_insta\" srcset=\"https:\/\/kaprixo.com\/wp-content\/uploads\/2022\/04\/Icono_insta.png 349w, https:\/\/kaprixo.com\/wp-content\/uploads\/2022\/04\/Icono_insta-300x300.png 300w, https:\/\/kaprixo.com\/wp-content\/uploads\/2022\/04\/Icono_insta-150x150.png 150w\" sizes=\"auto, (max-width: 349px) 100vw, 349px\" \/><\/a>\n\t\t<\/figure>\n\t<\/div>\n<\/div><\/div><\/div><div class=\"wpb_column vc_column_container vc_col-sm-6\"><div class=\"vc_column-inner\"><div class=\"wpb_wrapper\">\n\t<div  class=\"wpb_single_image wpb_content_element vc_align_center wpb_content_element\">\n\t\t\n\t\t<figure class=\"wpb_wrapper vc_figure\">\n\t\t\t<a href=\"https:\/\/www.facebook.com\/Kaprixo_restaurant-108021395198240\" target=\"_blank\" class=\"vc_single_image-wrapper   vc_box_border_grey\"><img loading=\"lazy\" decoding=\"async\" width=\"348\" height=\"349\" src=\"https:\/\/kaprixo.com\/wp-content\/uploads\/2022\/04\/Icono_face.png\" class=\"vc_single_image-img attachment-full\" alt=\"\" title=\"Icona_face\" srcset=\"https:\/\/kaprixo.com\/wp-content\/uploads\/2022\/04\/Icono_face.png 348w, https:\/\/kaprixo.com\/wp-content\/uploads\/2022\/04\/Icono_face-300x300.png 300w, https:\/\/kaprixo.com\/wp-content\/uploads\/2022\/04\/Icono_face-150x150.png 150w\" sizes=\"auto, (max-width: 348px) 100vw, 348px\" \/><\/a>\n\t\t<\/figure>\n\t<\/div>\n<\/div><\/div><\/div><\/div><div class=\"boc_spacing\" style=\"height: 100px\"><\/div><\/div><\/div><\/div><\/div><div data-vc-full-width=\"true\" data-vc-full-width-temp=\"true\" data-vc-full-width-init=\"false\" data-vc-stretch-content=\"true\" class=\"vc_row wpb_row vc_row-fluid vc_row-no-padding\"><div class=\"wpb_column vc_column_container vc_col-sm-12\"><div class=\"vc_column-inner\"><div class=\"wpb_wrapper\"><div class=\"grid_holder mfp_gallery  no_spacing\" id=\"img_gallery_82b220a3a83f906b1bfd4bbb2672e5ca\"><div class=\"col span_1_of_5 info_item isotope_element\">\n\t\t\t\t\t\t\t<div class=\"pic  img_hover_effect3\">\t\t\t\n\t\t\t\t\t\t\t<a href=\"https:\/\/kaprixo.com\/wp-content\/uploads\/2022\/09\/FOTOS-WEB-KAPRIXO.jpg\" class=\"mfp_popup_gal\" title=\"\">\n\t\t\t\t\t\t\t\t<img decoding=\"async\" src=\"https:\/\/kaprixo.com\/wp-content\/uploads\/2022\/09\/FOTOS-WEB-KAPRIXO-600x380.jpg\" alt=\"\" \/>\n\t\t\t\t\t\t\t\t\n\t\t\t\t\t\t\t<\/a>\t<\/div><\/div><div class=\"col span_1_of_5 info_item isotope_element\">\n\t\t\t\t\t\t\t<div class=\"pic  img_hover_effect3\">\t\t\t\n\t\t\t\t\t\t\t<a href=\"https:\/\/kaprixo.com\/wp-content\/uploads\/2022\/09\/platos-kaprixo-2-2.jpg\" class=\"mfp_popup_gal\" title=\"\">\n\t\t\t\t\t\t\t\t<img decoding=\"async\" src=\"https:\/\/kaprixo.com\/wp-content\/uploads\/2022\/09\/platos-kaprixo-2-2-600x380.jpg\" alt=\"\" \/>\n\t\t\t\t\t\t\t\t\n\t\t\t\t\t\t\t<\/a>\t<\/div><\/div><div class=\"col span_1_of_5 info_item isotope_element\">\n\t\t\t\t\t\t\t<div class=\"pic  img_hover_effect3\">\t\t\t\n\t\t\t\t\t\t\t<a href=\"https:\/\/kaprixo.com\/wp-content\/uploads\/2022\/09\/platos-kaprixo-1-2.jpg\" class=\"mfp_popup_gal\" title=\"\">\n\t\t\t\t\t\t\t\t<img decoding=\"async\" src=\"https:\/\/kaprixo.com\/wp-content\/uploads\/2022\/09\/platos-kaprixo-1-2-600x380.jpg\" alt=\"\" \/>\n\t\t\t\t\t\t\t\t\n\t\t\t\t\t\t\t<\/a>\t<\/div><\/div><div class=\"col span_1_of_5 info_item isotope_element\">\n\t\t\t\t\t\t\t<div class=\"pic  img_hover_effect3\">\t\t\t\n\t\t\t\t\t\t\t<a href=\"https:\/\/kaprixo.com\/wp-content\/uploads\/2022\/09\/platos-kaprixo-1-1.jpg\" class=\"mfp_popup_gal\" title=\"\">\n\t\t\t\t\t\t\t\t<img decoding=\"async\" src=\"https:\/\/kaprixo.com\/wp-content\/uploads\/2022\/09\/platos-kaprixo-1-1-600x380.jpg\" alt=\"\" \/>\n\t\t\t\t\t\t\t\t\n\t\t\t\t\t\t\t<\/a>\t<\/div><\/div><div class=\"col span_1_of_5 info_item isotope_element\">\n\t\t\t\t\t\t\t<div class=\"pic  img_hover_effect3\">\t\t\t\n\t\t\t\t\t\t\t<a href=\"https:\/\/kaprixo.com\/wp-content\/uploads\/2022\/09\/FOTOS-WEB-KAPRIXO1.jpg\" class=\"mfp_popup_gal\" title=\"\">\n\t\t\t\t\t\t\t\t<img decoding=\"async\" src=\"https:\/\/kaprixo.com\/wp-content\/uploads\/2022\/09\/FOTOS-WEB-KAPRIXO1-600x380.jpg\" alt=\"\" \/>\n\t\t\t\t\t\t\t\t\n\t\t\t\t\t\t\t<\/a>\t<\/div><\/div><\/div><\/div><\/div><\/div><\/div><div class=\"vc_row-full-width vc_clearfix\"><\/div>\n<\/div>","protected":false},"excerpt":{"rendered":"Restaurante Ven a degustar nuestros deliciosos platos Reservar Ven a degustar nuestros deliciosos platos Reservar Nuestra cocina Hemos creado una carta con platos que combinan la autenticidad de lo de toda la vida con toques de originalidad de la cocina creativa y de vanguardia. Simplicidad y complejidad a partes iguales definen nuestras creaciones. Nuestra cocina Hemos creado una carta con<div class=\"h10\"><\/div><a class=\"more-link1\" href=\"https:\/\/kaprixo.com\/ca\/restaurante\/\">Read more<\/a>","protected":false},"author":1,"featured_media":0,"parent":0,"menu_order":0,"comment_status":"closed","ping_status":"closed","template":"","meta":{"footnotes":""},"class_list":["post-106","page","type-page","status-publish","hentry"],"_links":{"self":[{"href":"https:\/\/kaprixo.com\/ca\/wp-json\/wp\/v2\/pages\/106","targetHints":{"allow":["GET"]}}],"collection":[{"href":"https:\/\/kaprixo.com\/ca\/wp-json\/wp\/v2\/pages"}],"about":[{"href":"https:\/\/kaprixo.com\/ca\/wp-json\/wp\/v2\/types\/page"}],"author":[{"embeddable":true,"href":"https:\/\/kaprixo.com\/ca\/wp-json\/wp\/v2\/users\/1"}],"replies":[{"embeddable":true,"href":"https:\/\/kaprixo.com\/ca\/wp-json\/wp\/v2\/comments?post=106"}],"version-history":[{"count":193,"href":"https:\/\/kaprixo.com\/ca\/wp-json\/wp\/v2\/pages\/106\/revisions"}],"predecessor-version":[{"id":3125,"href":"https:\/\/kaprixo.com\/ca\/wp-json\/wp\/v2\/pages\/106\/revisions\/3125"}],"wp:attachment":[{"href":"https:\/\/kaprixo.com\/ca\/wp-json\/wp\/v2\/media?parent=106"}],"curies":[{"name":"wp","href":"https:\/\/api.w.org\/{rel}","templated":true}]}}